{"id":60,"date":"2015-11-09T09:20:39","date_gmt":"2015-11-09T07:20:39","guid":{"rendered":"http:\/\/www.montonissapartanen.fi\/?page_id=60"},"modified":"2025-04-01T13:41:45","modified_gmt":"2025-04-01T11:41:45","slug":"meista","status":"publish","type":"page","link":"https:\/\/montonissa.eu\/fi\/meista\/","title":{"rendered":"Tietoja"},"content":{"rendered":"<p>Vuonna 1997 perustettu Montonissa O\u00dc on lasialan tukkuliike, joka tarjoaa my\u00f6s projektikohtaisia lasitoimituksia. T\u00e4rkeimm\u00e4t markkina-alueet ovat Viro ja Suomi, mutta meill\u00e4 on myynti\u00e4 my\u00f6s Ruotsiin, Norjaan, Latviaan ja Liettuaan. Yleisimm\u00e4t lasityypit ovat koko ajan vakiotuotteina varastossamme, mink\u00e4 ansiosta voimme tarjota nopeat ja joustavat toimitusajat. Meill\u00e4 on hyv\u00e4t suhteet moniin eri lasitehtaisiin, jotta voimme pit\u00e4\u00e4 varaston monipuolisena ja hinnat kilpailukykyisin\u00e4. Toimituksissa k\u00e4yt\u00e4mme tavallisia sek\u00e4 Hiab-nosturilla varustettuja kuorma-autoja ja olemmekin ty\u00f6skennelleet jo pitk\u00e4\u00e4n ammattitaitoisia palveluja tarjoavien kuljetusalan yritysten kanssa.<\/p>\n<p>Tukkumyynnin lis\u00e4ksi tarjoamme asiakkaillemme mittojen mukaan valmistettujen lasien toimituksia. Esim. karkaistut-, laminoidut-, eristys- sek\u00e4 kuvioidut ja maalatut lasit kuuluvat valikoimaamme. Lasitoimitukset aina erikseen sovittuina joko asiakkaidemme toimipaikoille tai esim. suoraan ty\u00f6maalle. Toivotamme teid\u00e4t l\u00e4mpim\u00e4sti tervetulleiksi palvelujemme pariin.<\/p>\n","protected":false},"excerpt":{"rendered":"<p>Vuonna 1997 perustettu Montonissa O\u00dc on lasialan tukkuliike, joka tarjoaa my\u00f6s projektikohtaisia lasitoimituksia. T\u00e4rkeimm\u00e4t markkina-alueet ovat Viro ja Suomi, mutta meill\u00e4 on myynti\u00e4 my\u00f6s Ruotsiin, Norjaan, Latviaan ja Liettuaan. Yleisimm\u00e4t lasityypit ovat koko ajan vakiotuotteina varastossamme, mink\u00e4 ansiosta voimme tarjota nopeat ja joustavat toimitusajat. Meill\u00e4 on hyv\u00e4t suhteet moniin eri lasitehtaisiin, jotta voimme pit\u00e4\u00e4 varaston [&#8230;]\n","protected":false},"author":1,"featured_media":0,"parent":0,"menu_order":0,"comment_status":"closed","ping_status":"closed","template":"","meta":{"_acf_changed":false,"footnotes":""},"class_list":["post-60","page","type-page","status-publish","hentry"],"acf":[],"yoast_head":"<!-- This site is optimized with the Yoast SEO plugin v27.3 - https:\/\/yoast.com\/product\/yoast-seo-wordpress\/ -->\n<title>Tietoja - Montonissa - Lasitukku<\/title>\n<meta name=\"description\" content=\"Vuonna 1997 perustettu Montonissa O\u00dc on lasialan tukkuliike, joka tarjoaa my\u00f6s projektikohtaisia lasitoimituksia.\" \/>\n<meta name=\"robots\" content=\"index, follow, max-snippet:-1, max-image-preview:large, max-video-preview:-1\" \/>\n<link rel=\"canonical\" href=\"https:\/\/montonissa.eu\/fi\/meista\/\" \/>\n<meta property=\"og:locale\" content=\"fi_FI\" \/>\n<meta property=\"og:type\" content=\"article\" \/>\n<meta property=\"og:title\" content=\"Tietoja - Montonissa - Lasitukku\" \/>\n<meta property=\"og:description\" content=\"Vuonna 1997 perustettu Montonissa O\u00dc on lasialan tukkuliike, joka tarjoaa my\u00f6s projektikohtaisia lasitoimituksia.\" \/>\n<meta property=\"og:url\" content=\"https:\/\/montonissa.eu\/fi\/meista\/\" \/>\n<meta property=\"og:site_name\" content=\"Montonissa - Lasitukku\" \/>\n<meta property=\"article:modified_time\" content=\"2025-04-01T11:41:45+00:00\" \/>\n<meta name=\"twitter:card\" content=\"summary_large_image\" \/>\n<meta name=\"twitter:label1\" content=\"Arvioitu lukuaika\" \/>\n\t<meta name=\"twitter:data1\" content=\"1 minuutti\" \/>\n<script type=\"application\/ld+json\" class=\"yoast-schema-graph\">{\"@context\":\"https:\\\/\\\/schema.org\",\"@graph\":[{\"@type\":\"WebPage\",\"@id\":\"https:\\\/\\\/montonissa.eu\\\/fi\\\/meista\\\/\",\"url\":\"https:\\\/\\\/montonissa.eu\\\/fi\\\/meista\\\/\",\"name\":\"Tietoja - Montonissa - Lasitukku\",\"isPartOf\":{\"@id\":\"https:\\\/\\\/montonissa.eu\\\/#website\"},\"datePublished\":\"2015-11-09T07:20:39+00:00\",\"dateModified\":\"2025-04-01T11:41:45+00:00\",\"description\":\"Vuonna 1997 perustettu Montonissa O\u00dc on lasialan tukkuliike, joka tarjoaa my\u00f6s projektikohtaisia lasitoimituksia.\",\"breadcrumb\":{\"@id\":\"https:\\\/\\\/montonissa.eu\\\/fi\\\/meista\\\/#breadcrumb\"},\"inLanguage\":\"fi\",\"potentialAction\":[{\"@type\":\"ReadAction\",\"target\":[\"https:\\\/\\\/montonissa.eu\\\/fi\\\/meista\\\/\"]}]},{\"@type\":\"BreadcrumbList\",\"@id\":\"https:\\\/\\\/montonissa.eu\\\/fi\\\/meista\\\/#breadcrumb\",\"itemListElement\":[{\"@type\":\"ListItem\",\"position\":1,\"name\":\"Home\",\"item\":\"https:\\\/\\\/montonissa.eu\\\/fi\\\/\"},{\"@type\":\"ListItem\",\"position\":2,\"name\":\"Tietoja\"}]},{\"@type\":\"WebSite\",\"@id\":\"https:\\\/\\\/montonissa.eu\\\/#website\",\"url\":\"https:\\\/\\\/montonissa.eu\\\/\",\"name\":\"Montonissa - Lasitukku\",\"description\":\"Lasitukku\",\"potentialAction\":[{\"@type\":\"SearchAction\",\"target\":{\"@type\":\"EntryPoint\",\"urlTemplate\":\"https:\\\/\\\/montonissa.eu\\\/?s={search_term_string}\"},\"query-input\":{\"@type\":\"PropertyValueSpecification\",\"valueRequired\":true,\"valueName\":\"search_term_string\"}}],\"inLanguage\":\"fi\"}]}<\/script>\n<!-- \/ Yoast SEO plugin. -->","yoast_head_json":{"title":"Tietoja - Montonissa - Lasitukku","description":"Vuonna 1997 perustettu Montonissa O\u00dc on lasialan tukkuliike, joka tarjoaa my\u00f6s projektikohtaisia lasitoimituksia.","robots":{"index":"index","follow":"follow","max-snippet":"max-snippet:-1","max-image-preview":"max-image-preview:large","max-video-preview":"max-video-preview:-1"},"canonical":"https:\/\/montonissa.eu\/fi\/meista\/","og_locale":"fi_FI","og_type":"article","og_title":"Tietoja - Montonissa - Lasitukku","og_description":"Vuonna 1997 perustettu Montonissa O\u00dc on lasialan tukkuliike, joka tarjoaa my\u00f6s projektikohtaisia lasitoimituksia.","og_url":"https:\/\/montonissa.eu\/fi\/meista\/","og_site_name":"Montonissa - Lasitukku","article_modified_time":"2025-04-01T11:41:45+00:00","twitter_card":"summary_large_image","twitter_misc":{"Arvioitu lukuaika":"1 minuutti"},"schema":{"@context":"https:\/\/schema.org","@graph":[{"@type":"WebPage","@id":"https:\/\/montonissa.eu\/fi\/meista\/","url":"https:\/\/montonissa.eu\/fi\/meista\/","name":"Tietoja - Montonissa - Lasitukku","isPartOf":{"@id":"https:\/\/montonissa.eu\/#website"},"datePublished":"2015-11-09T07:20:39+00:00","dateModified":"2025-04-01T11:41:45+00:00","description":"Vuonna 1997 perustettu Montonissa O\u00dc on lasialan tukkuliike, joka tarjoaa my\u00f6s projektikohtaisia lasitoimituksia.","breadcrumb":{"@id":"https:\/\/montonissa.eu\/fi\/meista\/#breadcrumb"},"inLanguage":"fi","potentialAction":[{"@type":"ReadAction","target":["https:\/\/montonissa.eu\/fi\/meista\/"]}]},{"@type":"BreadcrumbList","@id":"https:\/\/montonissa.eu\/fi\/meista\/#breadcrumb","itemListElement":[{"@type":"ListItem","position":1,"name":"Home","item":"https:\/\/montonissa.eu\/fi\/"},{"@type":"ListItem","position":2,"name":"Tietoja"}]},{"@type":"WebSite","@id":"https:\/\/montonissa.eu\/#website","url":"https:\/\/montonissa.eu\/","name":"Montonissa - Lasitukku","description":"Lasitukku","potentialAction":[{"@type":"SearchAction","target":{"@type":"EntryPoint","urlTemplate":"https:\/\/montonissa.eu\/?s={search_term_string}"},"query-input":{"@type":"PropertyValueSpecification","valueRequired":true,"valueName":"search_term_string"}}],"inLanguage":"fi"}]}},"_links":{"self":[{"href":"https:\/\/montonissa.eu\/fi\/wp-json\/wp\/v2\/pages\/60","targetHints":{"allow":["GET"]}}],"collection":[{"href":"https:\/\/montonissa.eu\/fi\/wp-json\/wp\/v2\/pages"}],"about":[{"href":"https:\/\/montonissa.eu\/fi\/wp-json\/wp\/v2\/types\/page"}],"author":[{"embeddable":true,"href":"https:\/\/montonissa.eu\/fi\/wp-json\/wp\/v2\/users\/1"}],"replies":[{"embeddable":true,"href":"https:\/\/montonissa.eu\/fi\/wp-json\/wp\/v2\/comments?post=60"}],"version-history":[{"count":9,"href":"https:\/\/montonissa.eu\/fi\/wp-json\/wp\/v2\/pages\/60\/revisions"}],"predecessor-version":[{"id":2611,"href":"https:\/\/montonissa.eu\/fi\/wp-json\/wp\/v2\/pages\/60\/revisions\/2611"}],"wp:attachment":[{"href":"https:\/\/montonissa.eu\/fi\/wp-json\/wp\/v2\/media?parent=60"}],"curies":[{"name":"wp","href":"https:\/\/api.w.org\/{rel}","templated":true}]}}