{"id":963,"date":"2017-07-06T10:12:10","date_gmt":"2017-07-06T08:12:10","guid":{"rendered":"http:\/\/www.montonissapartanen.fi\/my-account-2\/"},"modified":"2017-07-06T17:46:51","modified_gmt":"2017-07-06T15:46:51","slug":"minu-konto","status":"publish","type":"page","link":"https:\/\/montonissa.eu\/et\/minu-konto\/","title":{"rendered":"Minu konto"},"content":{"rendered":"<div class=\"woocommerce\"><\/div>\n","protected":false},"excerpt":{"rendered":"","protected":false},"author":1,"featured_media":0,"parent":0,"menu_order":0,"comment_status":"closed","ping_status":"closed","template":"","meta":{"_acf_changed":false,"footnotes":""},"class_list":["post-963","page","type-page","status-publish","hentry"],"acf":[],"yoast_head":"<!-- This site is optimized with the Yoast SEO plugin v27.3 - https:\/\/yoast.com\/product\/yoast-seo-wordpress\/ -->\n<title>Minu konto - Montonissa - Klaasi hulgim\u00fc\u00fck<\/title>\n<meta name=\"robots\" content=\"index, follow, max-snippet:-1, max-image-preview:large, max-video-preview:-1\" \/>\n<link rel=\"canonical\" href=\"https:\/\/montonissa.eu\/et\/minu-konto\/\" \/>\n<meta property=\"og:locale\" content=\"et_EE\" \/>\n<meta property=\"og:type\" content=\"article\" \/>\n<meta property=\"og:title\" content=\"Minu konto - Montonissa - Klaasi hulgim\u00fc\u00fck\" \/>\n<meta property=\"og:url\" content=\"https:\/\/montonissa.eu\/et\/minu-konto\/\" \/>\n<meta property=\"og:site_name\" content=\"Montonissa - Klaasi hulgim\u00fc\u00fck\" \/>\n<meta property=\"article:modified_time\" content=\"2017-07-06T15:46:51+00:00\" \/>\n<meta name=\"twitter:card\" content=\"summary_large_image\" \/>\n<script type=\"application\/ld+json\" class=\"yoast-schema-graph\">{\"@context\":\"https:\\\/\\\/schema.org\",\"@graph\":[{\"@type\":\"WebPage\",\"@id\":\"https:\\\/\\\/montonissa.eu\\\/et\\\/minu-konto\\\/\",\"url\":\"https:\\\/\\\/montonissa.eu\\\/et\\\/minu-konto\\\/\",\"name\":\"Minu konto - Montonissa - Klaasi hulgim\u00fc\u00fck\",\"isPartOf\":{\"@id\":\"https:\\\/\\\/montonissa.eu\\\/#website\"},\"datePublished\":\"2017-07-06T08:12:10+00:00\",\"dateModified\":\"2017-07-06T15:46:51+00:00\",\"breadcrumb\":{\"@id\":\"https:\\\/\\\/montonissa.eu\\\/et\\\/minu-konto\\\/#breadcrumb\"},\"inLanguage\":\"et\",\"potentialAction\":[{\"@type\":\"ReadAction\",\"target\":[\"https:\\\/\\\/montonissa.eu\\\/et\\\/minu-konto\\\/\"]}]},{\"@type\":\"BreadcrumbList\",\"@id\":\"https:\\\/\\\/montonissa.eu\\\/et\\\/minu-konto\\\/#breadcrumb\",\"itemListElement\":[{\"@type\":\"ListItem\",\"position\":1,\"name\":\"Home\",\"item\":\"https:\\\/\\\/montonissa.eu\\\/et\\\/\"},{\"@type\":\"ListItem\",\"position\":2,\"name\":\"Minu konto\"}]},{\"@type\":\"WebSite\",\"@id\":\"https:\\\/\\\/montonissa.eu\\\/#website\",\"url\":\"https:\\\/\\\/montonissa.eu\\\/\",\"name\":\"Montonissa - Klaasi hulgim\u00fc\u00fck\",\"description\":\"Klaasi hulgim\u00fc\u00fck\",\"potentialAction\":[{\"@type\":\"SearchAction\",\"target\":{\"@type\":\"EntryPoint\",\"urlTemplate\":\"https:\\\/\\\/montonissa.eu\\\/?s={search_term_string}\"},\"query-input\":{\"@type\":\"PropertyValueSpecification\",\"valueRequired\":true,\"valueName\":\"search_term_string\"}}],\"inLanguage\":\"et\"}]}<\/script>\n<!-- \/ Yoast SEO plugin. -->","yoast_head_json":{"title":"Minu konto - Montonissa - Klaasi hulgim\u00fc\u00fck","robots":{"index":"index","follow":"follow","max-snippet":"max-snippet:-1","max-image-preview":"max-image-preview:large","max-video-preview":"max-video-preview:-1"},"canonical":"https:\/\/montonissa.eu\/et\/minu-konto\/","og_locale":"et_EE","og_type":"article","og_title":"Minu konto - Montonissa - Klaasi hulgim\u00fc\u00fck","og_url":"https:\/\/montonissa.eu\/et\/minu-konto\/","og_site_name":"Montonissa - Klaasi hulgim\u00fc\u00fck","article_modified_time":"2017-07-06T15:46:51+00:00","twitter_card":"summary_large_image","schema":{"@context":"https:\/\/schema.org","@graph":[{"@type":"WebPage","@id":"https:\/\/montonissa.eu\/et\/minu-konto\/","url":"https:\/\/montonissa.eu\/et\/minu-konto\/","name":"Minu konto - Montonissa - Klaasi hulgim\u00fc\u00fck","isPartOf":{"@id":"https:\/\/montonissa.eu\/#website"},"datePublished":"2017-07-06T08:12:10+00:00","dateModified":"2017-07-06T15:46:51+00:00","breadcrumb":{"@id":"https:\/\/montonissa.eu\/et\/minu-konto\/#breadcrumb"},"inLanguage":"et","potentialAction":[{"@type":"ReadAction","target":["https:\/\/montonissa.eu\/et\/minu-konto\/"]}]},{"@type":"BreadcrumbList","@id":"https:\/\/montonissa.eu\/et\/minu-konto\/#breadcrumb","itemListElement":[{"@type":"ListItem","position":1,"name":"Home","item":"https:\/\/montonissa.eu\/et\/"},{"@type":"ListItem","position":2,"name":"Minu konto"}]},{"@type":"WebSite","@id":"https:\/\/montonissa.eu\/#website","url":"https:\/\/montonissa.eu\/","name":"Montonissa - Klaasi hulgim\u00fc\u00fck","description":"Klaasi hulgim\u00fc\u00fck","potentialAction":[{"@type":"SearchAction","target":{"@type":"EntryPoint","urlTemplate":"https:\/\/montonissa.eu\/?s={search_term_string}"},"query-input":{"@type":"PropertyValueSpecification","valueRequired":true,"valueName":"search_term_string"}}],"inLanguage":"et"}]}},"_links":{"self":[{"href":"https:\/\/montonissa.eu\/et\/wp-json\/wp\/v2\/pages\/963","targetHints":{"allow":["GET"]}}],"collection":[{"href":"https:\/\/montonissa.eu\/et\/wp-json\/wp\/v2\/pages"}],"about":[{"href":"https:\/\/montonissa.eu\/et\/wp-json\/wp\/v2\/types\/page"}],"author":[{"embeddable":true,"href":"https:\/\/montonissa.eu\/et\/wp-json\/wp\/v2\/users\/1"}],"replies":[{"embeddable":true,"href":"https:\/\/montonissa.eu\/et\/wp-json\/wp\/v2\/comments?post=963"}],"version-history":[{"count":1,"href":"https:\/\/montonissa.eu\/et\/wp-json\/wp\/v2\/pages\/963\/revisions"}],"predecessor-version":[{"id":966,"href":"https:\/\/montonissa.eu\/et\/wp-json\/wp\/v2\/pages\/963\/revisions\/966"}],"wp:attachment":[{"href":"https:\/\/montonissa.eu\/et\/wp-json\/wp\/v2\/media?parent=963"}],"curies":[{"name":"wp","href":"https:\/\/api.w.org\/{rel}","templated":true}]}}