{"id":914,"date":"2017-04-24T15:24:48","date_gmt":"2017-04-24T13:24:48","guid":{"rendered":"http:\/\/www.montonissapartanen.fi\/?page_id=914"},"modified":"2018-07-03T14:00:46","modified_gmt":"2018-07-03T12:00:46","slug":"ladu","status":"publish","type":"page","link":"https:\/\/montonissa.eu\/et\/ladu\/","title":{"rendered":"Ladu"},"content":{"rendered":"\t<div class=\"img has-hover x md-x lg-x y md-y lg-y\" id=\"image_737111320\">\n\t\t<a class=\"image-lightbox lightbox-gallery\" title=\"\" href=\"https:\/\/montonissa.eu\/wp-content\/uploads\/2017\/04\/Ladu-201735c8-1024x768.jpg\">\t\t\t\t\t\t<div class=\"img-inner dark\" >\n\t\t\t<img loading=\"lazy\" decoding=\"async\" width=\"300\" height=\"225\" src=\"https:\/\/montonissa.eu\/wp-content\/uploads\/2017\/04\/Ladu-201735c8-300x225.jpg\" class=\"attachment-medium size-medium\" alt=\"\" srcset=\"https:\/\/montonissa.eu\/wp-content\/uploads\/2017\/04\/Ladu-201735c8-300x225.jpg 300w, https:\/\/montonissa.eu\/wp-content\/uploads\/2017\/04\/Ladu-201735c8-510x383.jpg 510w, https:\/\/montonissa.eu\/wp-content\/uploads\/2017\/04\/Ladu-201735c8-768x576.jpg 768w, https:\/\/montonissa.eu\/wp-content\/uploads\/2017\/04\/Ladu-201735c8.jpg 1024w, https:\/\/montonissa.eu\/wp-content\/uploads\/2017\/04\/Ladu-201735c8-600x450.jpg 600w\" sizes=\"auto, (max-width: 300px) 100vw, 300px\" \/>\t\t\t\t\t\t\n\t\t\t\t\t<\/div>\n\t\t\t\t\t\t<\/a>\t\t\n<style>\n#image_737111320 {\n  width: 100%;\n}\n<\/style>\n\t<\/div>\n\t\n\t<div class=\"img has-hover x md-x lg-x y md-y lg-y\" id=\"image_1083266141\">\n\t\t<a class=\"image-lightbox lightbox-gallery\" title=\"\" href=\"https:\/\/montonissa.eu\/wp-content\/uploads\/2017\/04\/Ladu-20175fa-1024x768.jpg\">\t\t\t\t\t\t<div class=\"img-inner dark\" >\n\t\t\t<img loading=\"lazy\" decoding=\"async\" width=\"300\" height=\"225\" src=\"https:\/\/montonissa.eu\/wp-content\/uploads\/2017\/04\/Ladu-20175fa-300x225.jpg\" class=\"attachment-medium size-medium\" alt=\"\" srcset=\"https:\/\/montonissa.eu\/wp-content\/uploads\/2017\/04\/Ladu-20175fa-300x225.jpg 300w, https:\/\/montonissa.eu\/wp-content\/uploads\/2017\/04\/Ladu-20175fa-510x383.jpg 510w, https:\/\/montonissa.eu\/wp-content\/uploads\/2017\/04\/Ladu-20175fa-768x576.jpg 768w, https:\/\/montonissa.eu\/wp-content\/uploads\/2017\/04\/Ladu-20175fa.jpg 1024w, https:\/\/montonissa.eu\/wp-content\/uploads\/2017\/04\/Ladu-20175fa-600x450.jpg 600w\" sizes=\"auto, (max-width: 300px) 100vw, 300px\" \/>\t\t\t\t\t\t\n\t\t\t\t\t<\/div>\n\t\t\t\t\t\t<\/a>\t\t\n<style>\n#image_1083266141 {\n  width: 100%;\n}\n<\/style>\n\t<\/div>\n\t\n","protected":false},"excerpt":{"rendered":"","protected":false},"author":1,"featured_media":909,"parent":0,"menu_order":0,"comment_status":"closed","ping_status":"closed","template":"","meta":{"_acf_changed":false,"footnotes":""},"class_list":["post-914","page","type-page","status-publish","has-post-thumbnail","hentry"],"acf":[],"yoast_head":"<!-- This site is optimized with the Yoast SEO plugin v27.4 - https:\/\/yoast.com\/product\/yoast-seo-wordpress\/ -->\n<title>Ladu - Montonissa - Klaasi hulgim\u00fc\u00fck<\/title>\n<meta name=\"robots\" content=\"index, follow, max-snippet:-1, max-image-preview:large, max-video-preview:-1\" \/>\n<link rel=\"canonical\" href=\"https:\/\/montonissa.eu\/fi\/varasto\/\" \/>\n<meta property=\"og:locale\" content=\"et_EE\" \/>\n<meta property=\"og:type\" content=\"article\" \/>\n<meta property=\"og:title\" content=\"Ladu - Montonissa - Klaasi hulgim\u00fc\u00fck\" \/>\n<meta property=\"og:url\" content=\"https:\/\/montonissa.eu\/fi\/varasto\/\" \/>\n<meta property=\"og:site_name\" content=\"Montonissa - Klaasi hulgim\u00fc\u00fck\" \/>\n<meta property=\"article:modified_time\" content=\"2018-07-03T12:00:46+00:00\" \/>\n<meta property=\"og:image\" content=\"https:\/\/montonissa.eu\/wp-content\/uploads\/2017\/04\/Ladu-201735c8.jpg\" \/>\n\t<meta property=\"og:image:width\" content=\"1024\" \/>\n\t<meta property=\"og:image:height\" content=\"768\" \/>\n\t<meta property=\"og:image:type\" content=\"image\/jpeg\" \/>\n<meta name=\"twitter:card\" content=\"summary_large_image\" \/>\n<script type=\"application\/ld+json\" class=\"yoast-schema-graph\">{\"@context\":\"https:\\\/\\\/schema.org\",\"@graph\":[{\"@type\":\"WebPage\",\"@id\":\"https:\\\/\\\/montonissa.eu\\\/fi\\\/varasto\\\/\",\"url\":\"https:\\\/\\\/montonissa.eu\\\/fi\\\/varasto\\\/\",\"name\":\"Ladu - Montonissa - Klaasi hulgim\u00fc\u00fck\",\"isPartOf\":{\"@id\":\"https:\\\/\\\/montonissa.eu\\\/#website\"},\"primaryImageOfPage\":{\"@id\":\"https:\\\/\\\/montonissa.eu\\\/fi\\\/varasto\\\/#primaryimage\"},\"image\":{\"@id\":\"https:\\\/\\\/montonissa.eu\\\/fi\\\/varasto\\\/#primaryimage\"},\"thumbnailUrl\":\"https:\\\/\\\/montonissa.eu\\\/wp-content\\\/uploads\\\/2017\\\/04\\\/Ladu-201735c8.jpg\",\"datePublished\":\"2017-04-24T13:24:48+00:00\",\"dateModified\":\"2018-07-03T12:00:46+00:00\",\"breadcrumb\":{\"@id\":\"https:\\\/\\\/montonissa.eu\\\/fi\\\/varasto\\\/#breadcrumb\"},\"inLanguage\":\"et\",\"potentialAction\":[{\"@type\":\"ReadAction\",\"target\":[\"https:\\\/\\\/montonissa.eu\\\/fi\\\/varasto\\\/\"]}]},{\"@type\":\"ImageObject\",\"inLanguage\":\"et\",\"@id\":\"https:\\\/\\\/montonissa.eu\\\/fi\\\/varasto\\\/#primaryimage\",\"url\":\"https:\\\/\\\/montonissa.eu\\\/wp-content\\\/uploads\\\/2017\\\/04\\\/Ladu-201735c8.jpg\",\"contentUrl\":\"https:\\\/\\\/montonissa.eu\\\/wp-content\\\/uploads\\\/2017\\\/04\\\/Ladu-201735c8.jpg\",\"width\":1024,\"height\":768},{\"@type\":\"BreadcrumbList\",\"@id\":\"https:\\\/\\\/montonissa.eu\\\/fi\\\/varasto\\\/#breadcrumb\",\"itemListElement\":[{\"@type\":\"ListItem\",\"position\":1,\"name\":\"Home\",\"item\":\"https:\\\/\\\/montonissa.eu\\\/et\\\/\"},{\"@type\":\"ListItem\",\"position\":2,\"name\":\"Ladu\"}]},{\"@type\":\"WebSite\",\"@id\":\"https:\\\/\\\/montonissa.eu\\\/#website\",\"url\":\"https:\\\/\\\/montonissa.eu\\\/\",\"name\":\"Montonissa - Klaasi hulgim\u00fc\u00fck\",\"description\":\"Klaasi hulgim\u00fc\u00fck\",\"potentialAction\":[{\"@type\":\"SearchAction\",\"target\":{\"@type\":\"EntryPoint\",\"urlTemplate\":\"https:\\\/\\\/montonissa.eu\\\/?s={search_term_string}\"},\"query-input\":{\"@type\":\"PropertyValueSpecification\",\"valueRequired\":true,\"valueName\":\"search_term_string\"}}],\"inLanguage\":\"et\"}]}<\/script>\n<!-- \/ Yoast SEO plugin. -->","yoast_head_json":{"title":"Ladu - Montonissa - Klaasi hulgim\u00fc\u00fck","robots":{"index":"index","follow":"follow","max-snippet":"max-snippet:-1","max-image-preview":"max-image-preview:large","max-video-preview":"max-video-preview:-1"},"canonical":"https:\/\/montonissa.eu\/fi\/varasto\/","og_locale":"et_EE","og_type":"article","og_title":"Ladu - Montonissa - Klaasi hulgim\u00fc\u00fck","og_url":"https:\/\/montonissa.eu\/fi\/varasto\/","og_site_name":"Montonissa - Klaasi hulgim\u00fc\u00fck","article_modified_time":"2018-07-03T12:00:46+00:00","og_image":[{"width":1024,"height":768,"url":"https:\/\/montonissa.eu\/wp-content\/uploads\/2017\/04\/Ladu-201735c8.jpg","type":"image\/jpeg"}],"twitter_card":"summary_large_image","schema":{"@context":"https:\/\/schema.org","@graph":[{"@type":"WebPage","@id":"https:\/\/montonissa.eu\/fi\/varasto\/","url":"https:\/\/montonissa.eu\/fi\/varasto\/","name":"Ladu - Montonissa - Klaasi hulgim\u00fc\u00fck","isPartOf":{"@id":"https:\/\/montonissa.eu\/#website"},"primaryImageOfPage":{"@id":"https:\/\/montonissa.eu\/fi\/varasto\/#primaryimage"},"image":{"@id":"https:\/\/montonissa.eu\/fi\/varasto\/#primaryimage"},"thumbnailUrl":"https:\/\/montonissa.eu\/wp-content\/uploads\/2017\/04\/Ladu-201735c8.jpg","datePublished":"2017-04-24T13:24:48+00:00","dateModified":"2018-07-03T12:00:46+00:00","breadcrumb":{"@id":"https:\/\/montonissa.eu\/fi\/varasto\/#breadcrumb"},"inLanguage":"et","potentialAction":[{"@type":"ReadAction","target":["https:\/\/montonissa.eu\/fi\/varasto\/"]}]},{"@type":"ImageObject","inLanguage":"et","@id":"https:\/\/montonissa.eu\/fi\/varasto\/#primaryimage","url":"https:\/\/montonissa.eu\/wp-content\/uploads\/2017\/04\/Ladu-201735c8.jpg","contentUrl":"https:\/\/montonissa.eu\/wp-content\/uploads\/2017\/04\/Ladu-201735c8.jpg","width":1024,"height":768},{"@type":"BreadcrumbList","@id":"https:\/\/montonissa.eu\/fi\/varasto\/#breadcrumb","itemListElement":[{"@type":"ListItem","position":1,"name":"Home","item":"https:\/\/montonissa.eu\/et\/"},{"@type":"ListItem","position":2,"name":"Ladu"}]},{"@type":"WebSite","@id":"https:\/\/montonissa.eu\/#website","url":"https:\/\/montonissa.eu\/","name":"Montonissa - Klaasi hulgim\u00fc\u00fck","description":"Klaasi hulgim\u00fc\u00fck","potentialAction":[{"@type":"SearchAction","target":{"@type":"EntryPoint","urlTemplate":"https:\/\/montonissa.eu\/?s={search_term_string}"},"query-input":{"@type":"PropertyValueSpecification","valueRequired":true,"valueName":"search_term_string"}}],"inLanguage":"et"}]}},"_links":{"self":[{"href":"https:\/\/montonissa.eu\/et\/wp-json\/wp\/v2\/pages\/914","targetHints":{"allow":["GET"]}}],"collection":[{"href":"https:\/\/montonissa.eu\/et\/wp-json\/wp\/v2\/pages"}],"about":[{"href":"https:\/\/montonissa.eu\/et\/wp-json\/wp\/v2\/types\/page"}],"author":[{"embeddable":true,"href":"https:\/\/montonissa.eu\/et\/wp-json\/wp\/v2\/users\/1"}],"replies":[{"embeddable":true,"href":"https:\/\/montonissa.eu\/et\/wp-json\/wp\/v2\/comments?post=914"}],"version-history":[{"count":5,"href":"https:\/\/montonissa.eu\/et\/wp-json\/wp\/v2\/pages\/914\/revisions"}],"predecessor-version":[{"id":1494,"href":"https:\/\/montonissa.eu\/et\/wp-json\/wp\/v2\/pages\/914\/revisions\/1494"}],"wp:featuredmedia":[{"embeddable":true,"href":"https:\/\/montonissa.eu\/et\/wp-json\/wp\/v2\/media\/909"}],"wp:attachment":[{"href":"https:\/\/montonissa.eu\/et\/wp-json\/wp\/v2\/media?parent=914"}],"curies":[{"name":"wp","href":"https:\/\/api.w.org\/{rel}","templated":true}]}}