{"id":840,"date":"2017-04-11T21:56:53","date_gmt":"2017-04-11T19:56:53","guid":{"rendered":"http:\/\/www.montonissapartanen.fi\/?page_id=840"},"modified":"2024-04-23T15:06:52","modified_gmt":"2024-04-23T13:06:52","slug":"transport","status":"publish","type":"page","link":"https:\/\/montonissa.eu\/et\/transport\/","title":{"rendered":"Transport"},"content":{"rendered":"<p><a href=\"http:\/\/www.montonissapartanen.fi\/wp-content\/uploads\/2015\/11\/1.jpg\"><img loading=\"lazy\" decoding=\"async\" class=\"wp-image-92 aligncenter\" src=\"http:\/\/www.montonissapartanen.fi\/wp-content\/uploads\/2015\/11\/1.jpg\" alt=\"Lasi autot\" width=\"655\" height=\"491\" srcset=\"https:\/\/montonissa.eu\/wp-content\/uploads\/2015\/11\/1.jpg 800w, https:\/\/montonissa.eu\/wp-content\/uploads\/2015\/11\/1-510x383.jpg 510w, https:\/\/montonissa.eu\/wp-content\/uploads\/2015\/11\/1-300x225.jpg 300w, https:\/\/montonissa.eu\/wp-content\/uploads\/2015\/11\/1-600x450.jpg 600w\" sizes=\"auto, (max-width: 655px) 100vw, 655px\" \/><\/a> <a href=\"http:\/\/www.montonissapartanen.fi\/wp-content\/uploads\/2015\/11\/56123b5514861_thumb900.jpg\"><img loading=\"lazy\" decoding=\"async\" class=\"wp-image-93 aligncenter\" src=\"http:\/\/www.montonissapartanen.fi\/wp-content\/uploads\/2015\/11\/56123b5514861_thumb900.jpg\" alt=\"Lasi autot\" width=\"655\" height=\"491\" srcset=\"https:\/\/montonissa.eu\/wp-content\/uploads\/2015\/11\/56123b5514861_thumb900.jpg 900w, https:\/\/montonissa.eu\/wp-content\/uploads\/2015\/11\/56123b5514861_thumb900-510x383.jpg 510w, https:\/\/montonissa.eu\/wp-content\/uploads\/2015\/11\/56123b5514861_thumb900-300x225.jpg 300w, https:\/\/montonissa.eu\/wp-content\/uploads\/2015\/11\/56123b5514861_thumb900-600x450.jpg 600w\" sizes=\"auto, (max-width: 655px) 100vw, 655px\" \/><\/a><\/p>\n\n<div class=\"wpcf7 no-js\" id=\"wpcf7-f775-o1\" lang=\"en-US\" dir=\"ltr\" data-wpcf7-id=\"775\">\n<div class=\"screen-reader-response\"><p role=\"status\" aria-live=\"polite\" aria-atomic=\"true\"><\/p> <ul><\/ul><\/div>\n<form action=\"\/et\/wp-json\/wp\/v2\/pages\/840#wpcf7-f775-o1\" method=\"post\" class=\"wpcf7-form init\" aria-label=\"Contact form\" novalidate=\"novalidate\" data-status=\"init\">\n<fieldset class=\"hidden-fields-container\"><input type=\"hidden\" name=\"_wpcf7\" value=\"775\" \/><input type=\"hidden\" name=\"_wpcf7_version\" value=\"6.1.5\" \/><input type=\"hidden\" name=\"_wpcf7_locale\" value=\"en_US\" \/><input type=\"hidden\" name=\"_wpcf7_unit_tag\" value=\"wpcf7-f775-o1\" \/><input type=\"hidden\" name=\"_wpcf7_container_post\" value=\"0\" \/><input type=\"hidden\" name=\"_wpcf7_posted_data_hash\" value=\"\" \/><input type=\"hidden\" name=\"_wpcf7_recaptcha_response\" value=\"\" \/>\n<\/fieldset>\n<p>Your Name (required)\n<\/p>\n<p><span class=\"wpcf7-form-control-wrap\" data-name=\"your-name\"><input size=\"40\" maxlength=\"400\" class=\"wpcf7-form-control wpcf7-text wpcf7-validates-as-required\" aria-required=\"true\" aria-invalid=\"false\" value=\"\" type=\"text\" name=\"your-name\" \/><\/span>\n<\/p>\n<p>Your Email (required)\n<\/p>\n<p><span class=\"wpcf7-form-control-wrap\" data-name=\"your-email\"><input size=\"40\" maxlength=\"400\" class=\"wpcf7-form-control wpcf7-email wpcf7-validates-as-required wpcf7-text wpcf7-validates-as-email\" aria-required=\"true\" aria-invalid=\"false\" value=\"\" type=\"email\" name=\"your-email\" \/><\/span>\n<\/p>\n<p>Subject\n<\/p>\n<p><span class=\"wpcf7-form-control-wrap\" data-name=\"your-subject\"><input size=\"40\" maxlength=\"400\" class=\"wpcf7-form-control wpcf7-text\" aria-invalid=\"false\" value=\"\" type=\"text\" name=\"your-subject\" \/><\/span>\n<\/p>\n<p>Your Message\n<\/p>\n<p><span class=\"wpcf7-form-control-wrap\" data-name=\"your-message\"><textarea cols=\"40\" rows=\"10\" maxlength=\"2000\" class=\"wpcf7-form-control wpcf7-textarea\" aria-invalid=\"false\" name=\"your-message\"><\/textarea><\/span>\n<\/p>\n<p><input class=\"wpcf7-form-control wpcf7-submit has-spinner\" type=\"submit\" value=\"Send\" \/>\n<\/p><div class=\"wpcf7-response-output\" aria-hidden=\"true\"><\/div>\n<\/form>\n<\/div>\n\n<p>&nbsp;<\/p>\n","protected":false},"excerpt":{"rendered":"<p>&nbsp;<\/p>\n","protected":false},"author":1,"featured_media":0,"parent":0,"menu_order":0,"comment_status":"closed","ping_status":"closed","template":"page-blank-container.php","meta":{"_acf_changed":false,"footnotes":""},"class_list":["post-840","page","type-page","status-publish","hentry"],"acf":[],"yoast_head":"<!-- This site is optimized with the Yoast SEO plugin v27.3 - https:\/\/yoast.com\/product\/yoast-seo-wordpress\/ -->\n<title>Transport - Montonissa - Klaasi hulgim\u00fc\u00fck<\/title>\n<meta name=\"robots\" content=\"index, follow, max-snippet:-1, max-image-preview:large, max-video-preview:-1\" \/>\n<link rel=\"canonical\" href=\"https:\/\/montonissa.eu\/et\/transport\/\" \/>\n<meta property=\"og:locale\" content=\"et_EE\" \/>\n<meta property=\"og:type\" content=\"article\" \/>\n<meta property=\"og:title\" content=\"Transport - Montonissa - Klaasi hulgim\u00fc\u00fck\" \/>\n<meta property=\"og:description\" content=\"&nbsp;\" \/>\n<meta property=\"og:url\" content=\"https:\/\/montonissa.eu\/et\/transport\/\" \/>\n<meta property=\"og:site_name\" content=\"Montonissa - Klaasi hulgim\u00fc\u00fck\" \/>\n<meta property=\"article:modified_time\" content=\"2024-04-23T13:06:52+00:00\" \/>\n<meta property=\"og:image\" content=\"http:\/\/www.montonissapartanen.fi\/wp-content\/uploads\/2015\/11\/1.jpg\" \/>\n<meta name=\"twitter:card\" content=\"summary_large_image\" \/>\n<script type=\"application\/ld+json\" class=\"yoast-schema-graph\">{\"@context\":\"https:\\\/\\\/schema.org\",\"@graph\":[{\"@type\":\"WebPage\",\"@id\":\"https:\\\/\\\/montonissa.eu\\\/et\\\/transport\\\/\",\"url\":\"https:\\\/\\\/montonissa.eu\\\/et\\\/transport\\\/\",\"name\":\"Transport - Montonissa - Klaasi hulgim\u00fc\u00fck\",\"isPartOf\":{\"@id\":\"https:\\\/\\\/montonissa.eu\\\/#website\"},\"primaryImageOfPage\":{\"@id\":\"https:\\\/\\\/montonissa.eu\\\/et\\\/transport\\\/#primaryimage\"},\"image\":{\"@id\":\"https:\\\/\\\/montonissa.eu\\\/et\\\/transport\\\/#primaryimage\"},\"thumbnailUrl\":\"http:\\\/\\\/www.montonissapartanen.fi\\\/wp-content\\\/uploads\\\/2015\\\/11\\\/1.jpg\",\"datePublished\":\"2017-04-11T19:56:53+00:00\",\"dateModified\":\"2024-04-23T13:06:52+00:00\",\"breadcrumb\":{\"@id\":\"https:\\\/\\\/montonissa.eu\\\/et\\\/transport\\\/#breadcrumb\"},\"inLanguage\":\"et\",\"potentialAction\":[{\"@type\":\"ReadAction\",\"target\":[\"https:\\\/\\\/montonissa.eu\\\/et\\\/transport\\\/\"]}]},{\"@type\":\"ImageObject\",\"inLanguage\":\"et\",\"@id\":\"https:\\\/\\\/montonissa.eu\\\/et\\\/transport\\\/#primaryimage\",\"url\":\"http:\\\/\\\/www.montonissapartanen.fi\\\/wp-content\\\/uploads\\\/2015\\\/11\\\/1.jpg\",\"contentUrl\":\"http:\\\/\\\/www.montonissapartanen.fi\\\/wp-content\\\/uploads\\\/2015\\\/11\\\/1.jpg\"},{\"@type\":\"BreadcrumbList\",\"@id\":\"https:\\\/\\\/montonissa.eu\\\/et\\\/transport\\\/#breadcrumb\",\"itemListElement\":[{\"@type\":\"ListItem\",\"position\":1,\"name\":\"Home\",\"item\":\"https:\\\/\\\/montonissa.eu\\\/et\\\/\"},{\"@type\":\"ListItem\",\"position\":2,\"name\":\"Transport\"}]},{\"@type\":\"WebSite\",\"@id\":\"https:\\\/\\\/montonissa.eu\\\/#website\",\"url\":\"https:\\\/\\\/montonissa.eu\\\/\",\"name\":\"Montonissa - Klaasi hulgim\u00fc\u00fck\",\"description\":\"Klaasi hulgim\u00fc\u00fck\",\"potentialAction\":[{\"@type\":\"SearchAction\",\"target\":{\"@type\":\"EntryPoint\",\"urlTemplate\":\"https:\\\/\\\/montonissa.eu\\\/?s={search_term_string}\"},\"query-input\":{\"@type\":\"PropertyValueSpecification\",\"valueRequired\":true,\"valueName\":\"search_term_string\"}}],\"inLanguage\":\"et\"}]}<\/script>\n<!-- \/ Yoast SEO plugin. -->","yoast_head_json":{"title":"Transport - Montonissa - Klaasi hulgim\u00fc\u00fck","robots":{"index":"index","follow":"follow","max-snippet":"max-snippet:-1","max-image-preview":"max-image-preview:large","max-video-preview":"max-video-preview:-1"},"canonical":"https:\/\/montonissa.eu\/et\/transport\/","og_locale":"et_EE","og_type":"article","og_title":"Transport - Montonissa - Klaasi hulgim\u00fc\u00fck","og_description":"&nbsp;","og_url":"https:\/\/montonissa.eu\/et\/transport\/","og_site_name":"Montonissa - Klaasi hulgim\u00fc\u00fck","article_modified_time":"2024-04-23T13:06:52+00:00","og_image":[{"url":"http:\/\/www.montonissapartanen.fi\/wp-content\/uploads\/2015\/11\/1.jpg","type":"","width":"","height":""}],"twitter_card":"summary_large_image","schema":{"@context":"https:\/\/schema.org","@graph":[{"@type":"WebPage","@id":"https:\/\/montonissa.eu\/et\/transport\/","url":"https:\/\/montonissa.eu\/et\/transport\/","name":"Transport - Montonissa - Klaasi hulgim\u00fc\u00fck","isPartOf":{"@id":"https:\/\/montonissa.eu\/#website"},"primaryImageOfPage":{"@id":"https:\/\/montonissa.eu\/et\/transport\/#primaryimage"},"image":{"@id":"https:\/\/montonissa.eu\/et\/transport\/#primaryimage"},"thumbnailUrl":"http:\/\/www.montonissapartanen.fi\/wp-content\/uploads\/2015\/11\/1.jpg","datePublished":"2017-04-11T19:56:53+00:00","dateModified":"2024-04-23T13:06:52+00:00","breadcrumb":{"@id":"https:\/\/montonissa.eu\/et\/transport\/#breadcrumb"},"inLanguage":"et","potentialAction":[{"@type":"ReadAction","target":["https:\/\/montonissa.eu\/et\/transport\/"]}]},{"@type":"ImageObject","inLanguage":"et","@id":"https:\/\/montonissa.eu\/et\/transport\/#primaryimage","url":"http:\/\/www.montonissapartanen.fi\/wp-content\/uploads\/2015\/11\/1.jpg","contentUrl":"http:\/\/www.montonissapartanen.fi\/wp-content\/uploads\/2015\/11\/1.jpg"},{"@type":"BreadcrumbList","@id":"https:\/\/montonissa.eu\/et\/transport\/#breadcrumb","itemListElement":[{"@type":"ListItem","position":1,"name":"Home","item":"https:\/\/montonissa.eu\/et\/"},{"@type":"ListItem","position":2,"name":"Transport"}]},{"@type":"WebSite","@id":"https:\/\/montonissa.eu\/#website","url":"https:\/\/montonissa.eu\/","name":"Montonissa - Klaasi hulgim\u00fc\u00fck","description":"Klaasi hulgim\u00fc\u00fck","potentialAction":[{"@type":"SearchAction","target":{"@type":"EntryPoint","urlTemplate":"https:\/\/montonissa.eu\/?s={search_term_string}"},"query-input":{"@type":"PropertyValueSpecification","valueRequired":true,"valueName":"search_term_string"}}],"inLanguage":"et"}]}},"_links":{"self":[{"href":"https:\/\/montonissa.eu\/et\/wp-json\/wp\/v2\/pages\/840","targetHints":{"allow":["GET"]}}],"collection":[{"href":"https:\/\/montonissa.eu\/et\/wp-json\/wp\/v2\/pages"}],"about":[{"href":"https:\/\/montonissa.eu\/et\/wp-json\/wp\/v2\/types\/page"}],"author":[{"embeddable":true,"href":"https:\/\/montonissa.eu\/et\/wp-json\/wp\/v2\/users\/1"}],"replies":[{"embeddable":true,"href":"https:\/\/montonissa.eu\/et\/wp-json\/wp\/v2\/comments?post=840"}],"version-history":[{"count":4,"href":"https:\/\/montonissa.eu\/et\/wp-json\/wp\/v2\/pages\/840\/revisions"}],"predecessor-version":[{"id":2509,"href":"https:\/\/montonissa.eu\/et\/wp-json\/wp\/v2\/pages\/840\/revisions\/2509"}],"wp:attachment":[{"href":"https:\/\/montonissa.eu\/et\/wp-json\/wp\/v2\/media?parent=840"}],"curies":[{"name":"wp","href":"https:\/\/api.w.org\/{rel}","templated":true}]}}