{"id":820,"date":"2017-04-11T15:36:40","date_gmt":"2017-04-11T13:36:40","guid":{"rendered":"http:\/\/www.montonissapartanen.fi\/?page_id=820"},"modified":"2025-03-30T23:20:48","modified_gmt":"2025-03-30T21:20:48","slug":"kontakt","status":"publish","type":"page","link":"https:\/\/montonissa.eu\/et\/kontakt\/","title":{"rendered":"Kontaktandmed"},"content":{"rendered":"\n\t<script type=\"text\/javascript\">\n  jQuery( document ).ready(function() {\n    function initialize() {\n        var styles = {\n            'flatsome':  [{\n            \"featureType\": \"administrative\",\n            \"stylers\": [\n              { \"visibility\": \"on\" }\n            ]\n          },\n          {\n            \"featureType\": \"road\",\n            \"stylers\": [\n              { \"visibility\": \"on\" },\n              { \"hue\": \"#008dd2\" }\n            ]\n          },\n          {\n            \"stylers\": [\n\t\t\t  { \"visibility\": \"on\" },\n\t\t\t  { \"hue\": \"#008dd2\" },\n\t\t\t  { \"saturation\": -30 }\n            ]\n          }\n        ]};\n\n        var myLatlng = new google.maps.LatLng(58.3933959, 24.5204696);\n        var myOptions = {\n            zoom: 12,\n            center: myLatlng,\n            mapTypeId: google.maps.MapTypeId.ROADMAP,\n            disableDefaultUI: true,\n            mapTypeId: 'flatsome',\n            draggable: true,\n            zoomControl: false,\n            zoomControlOptions: {\n              position: google.maps.ControlPosition.TOP_LEFT\n            },\n      \t\t\tmapTypeControl: false,\n            mapTypeControlOptions: {\n              position: google.maps.ControlPosition.TOP_LEFT\n            },\n      \t\t\tstreetViewControl: false,\n            streetViewControlOptions: {\n              position: google.maps.ControlPosition.TOP_LEFT\n            },\n            scrollwheel: false,\n            disableDoubleClickZoom: true\n        }\n        var map = new google.maps.Map(document.getElementById(\"map-2500472712-inner\"), myOptions);\n        var styledMapType = new google.maps.StyledMapType(styles['flatsome'], {name: 'flatsome'});\n        map.mapTypes.set('flatsome', styledMapType);\n\n        var marker = new google.maps.Marker({\n            position: myLatlng,\n            map: map,\n            title:\"\"\n        });\n    }\n\n    \/\/ Required to proceed\n    if (!(typeof google === 'object' && typeof google.maps === 'object')) {\n      return\n    }\n\n    initialize()\n    google.maps.event.addDomListener(window, 'resize', initialize);\n    });\n    <\/script>\n\n    <div class=\"google-map relative mb\" id=\"map-2500472712\">\n        <div class=\"map-height\" id=\"map-2500472712-inner\"><\/div>\n        <div id=\"map_overlay_top\"><\/div>\n        <div id=\"map_overlay_bottom\"><\/div>\n                  <div class=\"map_inner map-inner last-reset absolute x95 md-x95 lg-x95 y95 md-y95 lg-y95\">\n              \n<div>Pirini 15,  P\u00e4rnu, Eesti<\/div>\n<p><p class=\"p1\">M-P 8:00-16:30<\/p>\n<p class=\"p1\"><a href=\"mailto:info@montonissa.eu\">info@montonissa.eu<\/a><\/p>\n         <\/div>\n       \n       \n<style>\n#map-2500472712 .map-inner {\n  background-color: #fff;\n  max-width: 30%;\n}\n#map-2500472712 .map-height {\n  height: 350px;\n}\n<\/style>\n    <\/div>\n\n\t\n\n<div class=\"wpcf7 no-js\" id=\"wpcf7-f774-o1\" lang=\"et\" dir=\"ltr\" data-wpcf7-id=\"774\">\n<div class=\"screen-reader-response\"><p role=\"status\" aria-live=\"polite\" aria-atomic=\"true\"><\/p> <ul><\/ul><\/div>\n<form action=\"\/et\/wp-json\/wp\/v2\/pages\/820#wpcf7-f774-o1\" method=\"post\" class=\"wpcf7-form init\" aria-label=\"Contact form\" novalidate=\"novalidate\" data-status=\"init\">\n<fieldset class=\"hidden-fields-container\"><input type=\"hidden\" name=\"_wpcf7\" value=\"774\" \/><input type=\"hidden\" name=\"_wpcf7_version\" value=\"6.1.5\" \/><input type=\"hidden\" name=\"_wpcf7_locale\" value=\"et\" \/><input type=\"hidden\" name=\"_wpcf7_unit_tag\" value=\"wpcf7-f774-o1\" \/><input type=\"hidden\" name=\"_wpcf7_container_post\" value=\"0\" \/><input type=\"hidden\" name=\"_wpcf7_posted_data_hash\" value=\"\" \/><input type=\"hidden\" name=\"_wpcf7_recaptcha_response\" value=\"\" \/>\n<\/fieldset>\n<p>Nimi (n\u00f5utav)\n<\/p>\n<p><span class=\"wpcf7-form-control-wrap\" data-name=\"your-name\"><input size=\"40\" maxlength=\"400\" class=\"wpcf7-form-control wpcf7-text wpcf7-validates-as-required\" aria-required=\"true\" aria-invalid=\"false\" value=\"\" type=\"text\" name=\"your-name\" \/><\/span>\n<\/p>\n<p>Email (n\u00f5utav)\n<\/p>\n<p><span class=\"wpcf7-form-control-wrap\" data-name=\"your-email\"><input size=\"40\" maxlength=\"400\" class=\"wpcf7-form-control wpcf7-email wpcf7-validates-as-required wpcf7-text wpcf7-validates-as-email\" aria-required=\"true\" aria-invalid=\"false\" value=\"\" type=\"email\" name=\"your-email\" \/><\/span>\n<\/p>\n<p>Teema\n<\/p>\n<p><span class=\"wpcf7-form-control-wrap\" data-name=\"your-subject\"><input size=\"40\" maxlength=\"400\" class=\"wpcf7-form-control wpcf7-text\" aria-invalid=\"false\" value=\"\" type=\"text\" name=\"your-subject\" \/><\/span>\n<\/p>\n<p>Teade\n<\/p>\n<p><span class=\"wpcf7-form-control-wrap\" data-name=\"your-message\"><textarea cols=\"40\" rows=\"10\" maxlength=\"2000\" class=\"wpcf7-form-control wpcf7-textarea\" aria-invalid=\"false\" name=\"your-message\"><\/textarea><\/span>\n<\/p>\n<p><input class=\"wpcf7-form-control wpcf7-submit has-spinner\" type=\"submit\" value=\"Saada\" \/>\n<\/p><div class=\"wpcf7-response-output\" aria-hidden=\"true\"><\/div>\n<\/form>\n<\/div>\n\n<div class=\"row\"  id=\"row-13250501\">\n\n\t<div id=\"col-2098222264\" class=\"col medium-4 large-4\"  >\n\t\t\t\t<div class=\"col-inner\"  >\n\t\t\t\n\t\t\t\n    <div class=\"box has-hover has-hover box-text-bottom\" >\n\n                  <div class=\"box-image \" >\n           <div class=\"box-image-inner image-cover\" style=\"padding-top:100%;\">\n              <img decoding=\"async\" src=\"https:\/\/montonissa.eu\/wp-content\/themes\/flatsome\/assets\/img\/missing.jpg\" \/>                         <\/div>\n          <\/div>\n         \n          <div class=\"box-text text-center\" >\n                <div class=\"box-text-inner\">\n                  <h4 class=\"uppercase\">\n                    <span class=\"person-name\">Kai V\u00e4limaa<\/span><br\/>\n                    <span class=\"person-title is-small thin-font op-7\">\n                      Projekti M\u00fc\u00fcgijuht                    <\/span>\n                  <\/h4>\n\t\t\t\t\t<div class=\"social-icons follow-icons\" ><a href=\"mailto:kai@montonissa.eu\" data-label=\"E-mail\" target=\"_blank\" class=\"icon button circle is-outline email tooltip\" title=\"Send us an email\" aria-label=\"Send us an email\" rel=\"nofollow noopener\" ><i class=\"icon-envelop\" ><\/i><\/a><a href=\"tel:+358 451190120\" data-label=\"Phone\" target=\"_blank\" class=\"icon button circle is-outline phone tooltip\" title=\"Call us\" aria-label=\"Call us\" rel=\"nofollow noopener\" ><i class=\"icon-phone\" ><\/i><\/a><\/div>\n<p>+358 451190120<\/p>\n                <\/div>\n          <\/div>\n    <\/div>\n\n\t\n    \n\t\t<\/div>\n\t\t\t\t\t<\/div>\n\n\t\n\n\t<div id=\"col-2001212828\" class=\"col medium-4 large-4\"  >\n\t\t\t\t<div class=\"col-inner\"  >\n\t\t\t\n\t\t\t\n    <div class=\"box has-hover has-hover box-text-bottom\" >\n\n                  <div class=\"box-image \" >\n           <div class=\"box-image-inner image-cover\" style=\"padding-top:100%;\">\n              <img decoding=\"async\" src=\"https:\/\/montonissa.eu\/wp-content\/themes\/flatsome\/assets\/img\/missing.jpg\" \/>                         <\/div>\n          <\/div>\n         \n          <div class=\"box-text text-center\" >\n                <div class=\"box-text-inner\">\n                  <h4 class=\"uppercase\">\n                    <span class=\"person-name\">Allan Helde<\/span><br\/>\n                    <span class=\"person-title is-small thin-font op-7\">\n                      Lehtklaasi M\u00fc\u00fcgijuht                    <\/span>\n                  <\/h4>\n\t\t\t\t\t<div class=\"social-icons follow-icons\" ><a href=\"mailto:allan@montonissa.eu\" data-label=\"E-mail\" target=\"_blank\" class=\"icon button circle is-outline email tooltip\" title=\"Send us an email\" aria-label=\"Send us an email\" rel=\"nofollow noopener\" ><i class=\"icon-envelop\" ><\/i><\/a><a href=\"tel:+372 5363 5236\" data-label=\"Phone\" target=\"_blank\" class=\"icon button circle is-outline phone tooltip\" title=\"Call us\" aria-label=\"Call us\" rel=\"nofollow noopener\" ><i class=\"icon-phone\" ><\/i><\/a><\/div>\n<p>+358 405 063347<\/p>\n                <\/div>\n          <\/div>\n    <\/div>\n\n\t\n    \n\t\t<\/div>\n\t\t\t\t\t<\/div>\n\n\t\n\n\t<div id=\"col-902397707\" class=\"col medium-4 large-4\"  >\n\t\t\t\t<div class=\"col-inner\"  >\n\t\t\t\n\t\t\t\n    <div class=\"box has-hover has-hover box-text-bottom\" >\n\n                  <div class=\"box-image \" >\n           <div class=\"box-image-inner image-cover\" style=\"padding-top:100%;\">\n              <img decoding=\"async\" src=\"https:\/\/montonissa.eu\/wp-content\/themes\/flatsome\/assets\/img\/missing.jpg\" \/>                         <\/div>\n          <\/div>\n         \n          <div class=\"box-text text-center\" >\n                <div class=\"box-text-inner\">\n                  <h4 class=\"uppercase\">\n                    <span class=\"person-name\">Gary N\u00f5mm<\/span><br\/>\n                    <span class=\"person-title is-small thin-font op-7\">\n                      Tegevdirektor - Metallfurnituuri m\u00fc\u00fck                    <\/span>\n                  <\/h4>\n\t\t\t\t\t<div class=\"social-icons follow-icons\" ><a href=\"mailto:gary@montonissa.eu\" data-label=\"E-mail\" target=\"_blank\" class=\"icon button circle is-outline email tooltip\" title=\"Send us an email\" aria-label=\"Send us an email\" rel=\"nofollow noopener\" ><i class=\"icon-envelop\" ><\/i><\/a><a href=\"tel:+372 502 1951\" data-label=\"Phone\" target=\"_blank\" class=\"icon button circle is-outline phone tooltip\" title=\"Call us\" aria-label=\"Call us\" rel=\"nofollow noopener\" ><i class=\"icon-phone\" ><\/i><\/a><\/div>\n<p>+372 502 1951<\/p>\n                <\/div>\n          <\/div>\n    <\/div>\n\n\t\n    \n\t\t<\/div>\n\t\t\t\t\t<\/div>\n\n\t\n<\/div>\n<style>.box-image-inner.image-cover {\n    display: none;\n}\n<\/style>\n","protected":false},"excerpt":{"rendered":"","protected":false},"author":1,"featured_media":0,"parent":0,"menu_order":0,"comment_status":"closed","ping_status":"closed","template":"","meta":{"_acf_changed":false,"footnotes":""},"class_list":["post-820","page","type-page","status-publish","hentry"],"acf":[],"yoast_head":"<!-- This site is optimized with the Yoast SEO plugin v27.3 - https:\/\/yoast.com\/product\/yoast-seo-wordpress\/ -->\n<title>Kontaktandmed - Montonissa - Klaasi hulgim\u00fc\u00fck<\/title>\n<meta name=\"description\" content=\"Montonissa Partanen Konalankuja 2, 00390 Helsinki. E-R 8:30-16:30, telefon 095484200, faks 095481194 montonissa.eu\" \/>\n<meta name=\"robots\" content=\"index, follow, max-snippet:-1, max-image-preview:large, max-video-preview:-1\" \/>\n<link rel=\"canonical\" href=\"https:\/\/montonissa.eu\/et\/kontakt\/\" \/>\n<meta property=\"og:locale\" content=\"et_EE\" \/>\n<meta property=\"og:type\" content=\"article\" \/>\n<meta property=\"og:title\" content=\"Kontaktandmed - Montonissa - Klaasi hulgim\u00fc\u00fck\" \/>\n<meta property=\"og:description\" content=\"Montonissa Partanen Konalankuja 2, 00390 Helsinki. E-R 8:30-16:30, telefon 095484200, faks 095481194 montonissa.eu\" \/>\n<meta property=\"og:url\" content=\"https:\/\/montonissa.eu\/et\/kontakt\/\" \/>\n<meta property=\"og:site_name\" content=\"Montonissa - Klaasi hulgim\u00fc\u00fck\" \/>\n<meta property=\"article:modified_time\" content=\"2025-03-30T21:20:48+00:00\" \/>\n<meta name=\"twitter:card\" content=\"summary_large_image\" \/>\n<meta name=\"twitter:label1\" content=\"Est. reading time\" \/>\n\t<meta name=\"twitter:data1\" content=\"1 minut\" \/>\n<script type=\"application\/ld+json\" class=\"yoast-schema-graph\">{\"@context\":\"https:\\\/\\\/schema.org\",\"@graph\":[{\"@type\":\"WebPage\",\"@id\":\"https:\\\/\\\/montonissa.eu\\\/et\\\/kontakt\\\/\",\"url\":\"https:\\\/\\\/montonissa.eu\\\/et\\\/kontakt\\\/\",\"name\":\"Kontaktandmed - Montonissa - Klaasi hulgim\u00fc\u00fck\",\"isPartOf\":{\"@id\":\"https:\\\/\\\/montonissa.eu\\\/#website\"},\"datePublished\":\"2017-04-11T13:36:40+00:00\",\"dateModified\":\"2025-03-30T21:20:48+00:00\",\"description\":\"Montonissa Partanen Konalankuja 2, 00390 Helsinki. E-R 8:30-16:30, telefon 095484200, faks 095481194 montonissa.eu\",\"breadcrumb\":{\"@id\":\"https:\\\/\\\/montonissa.eu\\\/et\\\/kontakt\\\/#breadcrumb\"},\"inLanguage\":\"et\",\"potentialAction\":[{\"@type\":\"ReadAction\",\"target\":[\"https:\\\/\\\/montonissa.eu\\\/et\\\/kontakt\\\/\"]}]},{\"@type\":\"BreadcrumbList\",\"@id\":\"https:\\\/\\\/montonissa.eu\\\/et\\\/kontakt\\\/#breadcrumb\",\"itemListElement\":[{\"@type\":\"ListItem\",\"position\":1,\"name\":\"Home\",\"item\":\"https:\\\/\\\/montonissa.eu\\\/et\\\/\"},{\"@type\":\"ListItem\",\"position\":2,\"name\":\"Kontaktandmed\"}]},{\"@type\":\"WebSite\",\"@id\":\"https:\\\/\\\/montonissa.eu\\\/#website\",\"url\":\"https:\\\/\\\/montonissa.eu\\\/\",\"name\":\"Montonissa - Klaasi hulgim\u00fc\u00fck\",\"description\":\"Klaasi hulgim\u00fc\u00fck\",\"potentialAction\":[{\"@type\":\"SearchAction\",\"target\":{\"@type\":\"EntryPoint\",\"urlTemplate\":\"https:\\\/\\\/montonissa.eu\\\/?s={search_term_string}\"},\"query-input\":{\"@type\":\"PropertyValueSpecification\",\"valueRequired\":true,\"valueName\":\"search_term_string\"}}],\"inLanguage\":\"et\"}]}<\/script>\n<!-- \/ Yoast SEO plugin. -->","yoast_head_json":{"title":"Kontaktandmed - Montonissa - Klaasi hulgim\u00fc\u00fck","description":"Montonissa Partanen Konalankuja 2, 00390 Helsinki. E-R 8:30-16:30, telefon 095484200, faks 095481194 montonissa.eu","robots":{"index":"index","follow":"follow","max-snippet":"max-snippet:-1","max-image-preview":"max-image-preview:large","max-video-preview":"max-video-preview:-1"},"canonical":"https:\/\/montonissa.eu\/et\/kontakt\/","og_locale":"et_EE","og_type":"article","og_title":"Kontaktandmed - Montonissa - Klaasi hulgim\u00fc\u00fck","og_description":"Montonissa Partanen Konalankuja 2, 00390 Helsinki. E-R 8:30-16:30, telefon 095484200, faks 095481194 montonissa.eu","og_url":"https:\/\/montonissa.eu\/et\/kontakt\/","og_site_name":"Montonissa - Klaasi hulgim\u00fc\u00fck","article_modified_time":"2025-03-30T21:20:48+00:00","twitter_card":"summary_large_image","twitter_misc":{"Est. reading time":"1 minut"},"schema":{"@context":"https:\/\/schema.org","@graph":[{"@type":"WebPage","@id":"https:\/\/montonissa.eu\/et\/kontakt\/","url":"https:\/\/montonissa.eu\/et\/kontakt\/","name":"Kontaktandmed - Montonissa - Klaasi hulgim\u00fc\u00fck","isPartOf":{"@id":"https:\/\/montonissa.eu\/#website"},"datePublished":"2017-04-11T13:36:40+00:00","dateModified":"2025-03-30T21:20:48+00:00","description":"Montonissa Partanen Konalankuja 2, 00390 Helsinki. E-R 8:30-16:30, telefon 095484200, faks 095481194 montonissa.eu","breadcrumb":{"@id":"https:\/\/montonissa.eu\/et\/kontakt\/#breadcrumb"},"inLanguage":"et","potentialAction":[{"@type":"ReadAction","target":["https:\/\/montonissa.eu\/et\/kontakt\/"]}]},{"@type":"BreadcrumbList","@id":"https:\/\/montonissa.eu\/et\/kontakt\/#breadcrumb","itemListElement":[{"@type":"ListItem","position":1,"name":"Home","item":"https:\/\/montonissa.eu\/et\/"},{"@type":"ListItem","position":2,"name":"Kontaktandmed"}]},{"@type":"WebSite","@id":"https:\/\/montonissa.eu\/#website","url":"https:\/\/montonissa.eu\/","name":"Montonissa - Klaasi hulgim\u00fc\u00fck","description":"Klaasi hulgim\u00fc\u00fck","potentialAction":[{"@type":"SearchAction","target":{"@type":"EntryPoint","urlTemplate":"https:\/\/montonissa.eu\/?s={search_term_string}"},"query-input":{"@type":"PropertyValueSpecification","valueRequired":true,"valueName":"search_term_string"}}],"inLanguage":"et"}]}},"_links":{"self":[{"href":"https:\/\/montonissa.eu\/et\/wp-json\/wp\/v2\/pages\/820","targetHints":{"allow":["GET"]}}],"collection":[{"href":"https:\/\/montonissa.eu\/et\/wp-json\/wp\/v2\/pages"}],"about":[{"href":"https:\/\/montonissa.eu\/et\/wp-json\/wp\/v2\/types\/page"}],"author":[{"embeddable":true,"href":"https:\/\/montonissa.eu\/et\/wp-json\/wp\/v2\/users\/1"}],"replies":[{"embeddable":true,"href":"https:\/\/montonissa.eu\/et\/wp-json\/wp\/v2\/comments?post=820"}],"version-history":[{"count":21,"href":"https:\/\/montonissa.eu\/et\/wp-json\/wp\/v2\/pages\/820\/revisions"}],"predecessor-version":[{"id":2590,"href":"https:\/\/montonissa.eu\/et\/wp-json\/wp\/v2\/pages\/820\/revisions\/2590"}],"wp:attachment":[{"href":"https:\/\/montonissa.eu\/et\/wp-json\/wp\/v2\/media?parent=820"}],"curies":[{"name":"wp","href":"https:\/\/api.w.org\/{rel}","templated":true}]}}