{"id":783,"date":"2017-04-11T14:56:24","date_gmt":"2017-04-11T12:56:24","guid":{"rendered":"http:\/\/www.montonissapartanen.fi\/?page_id=783"},"modified":"2025-04-01T07:55:29","modified_gmt":"2025-04-01T05:55:29","slug":"meist","status":"publish","type":"page","link":"https:\/\/montonissa.eu\/et\/meist\/","title":{"rendered":"Meist"},"content":{"rendered":"<p>Montonissa O\u00dc on klaasi hulgim\u00fc\u00fcgiga tegelev firma. Ettev\u00f5tte p\u00f5hiturud on Eesti ja Soome. Montonissa O\u00dc asutati aastal 1997.<\/p>\n<p>Teeme koost\u00f6\u00f6d paljude erinevate klaasitootjatega \u00fcle maailma, et hoida sortiment mitmekesine ja hinnad madalad. Me kasutame nii tavalist kui spetsiaalset, kraanaga varustatud veokitega transporti klaasikastide veoks. Meil on v\u00e4lja kujunenud kindlad koost\u00f6\u00f6partnerid pakkudes proffessionaalset teenust.<\/p>\n<p>Meeldivat koost\u00f6\u00f6d soovides, Teie Montonissa.<\/p>\n","protected":false},"excerpt":{"rendered":"<p>Montonissa O\u00dc on klaasi hulgim\u00fc\u00fcgiga tegelev firma. Ettev\u00f5tte p\u00f5hiturud on Eesti ja Soome. Montonissa O\u00dc asutati aastal 1997. Teeme koost\u00f6\u00f6d paljude erinevate klaasitootjatega \u00fcle maailma, et hoida sortiment mitmekesine ja hinnad madalad. Me kasutame nii tavalist kui spetsiaalset, kraanaga varustatud veokitega transporti klaasikastide veoks. Meil on v\u00e4lja kujunenud kindlad koost\u00f6\u00f6partnerid pakkudes proffessionaalset teenust. Meeldivat koost\u00f6\u00f6d [&#8230;]\n","protected":false},"author":1,"featured_media":0,"parent":0,"menu_order":0,"comment_status":"closed","ping_status":"closed","template":"","meta":{"_acf_changed":false,"footnotes":""},"class_list":["post-783","page","type-page","status-publish","hentry"],"acf":[],"yoast_head":"<!-- This site is optimized with the Yoast SEO plugin v27.3 - https:\/\/yoast.com\/product\/yoast-seo-wordpress\/ -->\n<title>Meist - Montonissa - Klaasi hulgim\u00fc\u00fck<\/title>\n<meta name=\"description\" content=\"Montonissa O\u00dc on klaasi hulgim\u00fc\u00fcgiga tegelev firma. Ettev\u00f5tte p\u00f5hiturud on Eesti ja Soome. Montonissa O\u00dc asutati aastal 1997.\" \/>\n<meta name=\"robots\" content=\"index, follow, max-snippet:-1, max-image-preview:large, max-video-preview:-1\" \/>\n<link rel=\"canonical\" href=\"https:\/\/montonissa.eu\/et\/meist\/\" \/>\n<meta property=\"og:locale\" content=\"et_EE\" \/>\n<meta property=\"og:type\" content=\"article\" \/>\n<meta property=\"og:title\" content=\"Meist - Montonissa - Klaasi hulgim\u00fc\u00fck\" \/>\n<meta property=\"og:description\" content=\"Montonissa O\u00dc on klaasi hulgim\u00fc\u00fcgiga tegelev firma. Ettev\u00f5tte p\u00f5hiturud on Eesti ja Soome. Montonissa O\u00dc asutati aastal 1997.\" \/>\n<meta property=\"og:url\" content=\"https:\/\/montonissa.eu\/et\/meist\/\" \/>\n<meta property=\"og:site_name\" content=\"Montonissa - Klaasi hulgim\u00fc\u00fck\" \/>\n<meta property=\"article:modified_time\" content=\"2025-04-01T05:55:29+00:00\" \/>\n<meta name=\"twitter:card\" content=\"summary_large_image\" \/>\n<meta name=\"twitter:label1\" content=\"Est. reading time\" \/>\n\t<meta name=\"twitter:data1\" content=\"1 minut\" \/>\n<script type=\"application\/ld+json\" class=\"yoast-schema-graph\">{\"@context\":\"https:\\\/\\\/schema.org\",\"@graph\":[{\"@type\":\"WebPage\",\"@id\":\"https:\\\/\\\/montonissa.eu\\\/et\\\/meist\\\/\",\"url\":\"https:\\\/\\\/montonissa.eu\\\/et\\\/meist\\\/\",\"name\":\"Meist - Montonissa - Klaasi hulgim\u00fc\u00fck\",\"isPartOf\":{\"@id\":\"https:\\\/\\\/montonissa.eu\\\/#website\"},\"datePublished\":\"2017-04-11T12:56:24+00:00\",\"dateModified\":\"2025-04-01T05:55:29+00:00\",\"description\":\"Montonissa O\u00dc on klaasi hulgim\u00fc\u00fcgiga tegelev firma. Ettev\u00f5tte p\u00f5hiturud on Eesti ja Soome. Montonissa O\u00dc asutati aastal 1997.\",\"breadcrumb\":{\"@id\":\"https:\\\/\\\/montonissa.eu\\\/et\\\/meist\\\/#breadcrumb\"},\"inLanguage\":\"et\",\"potentialAction\":[{\"@type\":\"ReadAction\",\"target\":[\"https:\\\/\\\/montonissa.eu\\\/et\\\/meist\\\/\"]}]},{\"@type\":\"BreadcrumbList\",\"@id\":\"https:\\\/\\\/montonissa.eu\\\/et\\\/meist\\\/#breadcrumb\",\"itemListElement\":[{\"@type\":\"ListItem\",\"position\":1,\"name\":\"Home\",\"item\":\"https:\\\/\\\/montonissa.eu\\\/et\\\/\"},{\"@type\":\"ListItem\",\"position\":2,\"name\":\"Meist\"}]},{\"@type\":\"WebSite\",\"@id\":\"https:\\\/\\\/montonissa.eu\\\/#website\",\"url\":\"https:\\\/\\\/montonissa.eu\\\/\",\"name\":\"Montonissa - Klaasi hulgim\u00fc\u00fck\",\"description\":\"Klaasi hulgim\u00fc\u00fck\",\"potentialAction\":[{\"@type\":\"SearchAction\",\"target\":{\"@type\":\"EntryPoint\",\"urlTemplate\":\"https:\\\/\\\/montonissa.eu\\\/?s={search_term_string}\"},\"query-input\":{\"@type\":\"PropertyValueSpecification\",\"valueRequired\":true,\"valueName\":\"search_term_string\"}}],\"inLanguage\":\"et\"}]}<\/script>\n<!-- \/ Yoast SEO plugin. -->","yoast_head_json":{"title":"Meist - Montonissa - Klaasi hulgim\u00fc\u00fck","description":"Montonissa O\u00dc on klaasi hulgim\u00fc\u00fcgiga tegelev firma. Ettev\u00f5tte p\u00f5hiturud on Eesti ja Soome. Montonissa O\u00dc asutati aastal 1997.","robots":{"index":"index","follow":"follow","max-snippet":"max-snippet:-1","max-image-preview":"max-image-preview:large","max-video-preview":"max-video-preview:-1"},"canonical":"https:\/\/montonissa.eu\/et\/meist\/","og_locale":"et_EE","og_type":"article","og_title":"Meist - Montonissa - Klaasi hulgim\u00fc\u00fck","og_description":"Montonissa O\u00dc on klaasi hulgim\u00fc\u00fcgiga tegelev firma. Ettev\u00f5tte p\u00f5hiturud on Eesti ja Soome. Montonissa O\u00dc asutati aastal 1997.","og_url":"https:\/\/montonissa.eu\/et\/meist\/","og_site_name":"Montonissa - Klaasi hulgim\u00fc\u00fck","article_modified_time":"2025-04-01T05:55:29+00:00","twitter_card":"summary_large_image","twitter_misc":{"Est. reading time":"1 minut"},"schema":{"@context":"https:\/\/schema.org","@graph":[{"@type":"WebPage","@id":"https:\/\/montonissa.eu\/et\/meist\/","url":"https:\/\/montonissa.eu\/et\/meist\/","name":"Meist - Montonissa - Klaasi hulgim\u00fc\u00fck","isPartOf":{"@id":"https:\/\/montonissa.eu\/#website"},"datePublished":"2017-04-11T12:56:24+00:00","dateModified":"2025-04-01T05:55:29+00:00","description":"Montonissa O\u00dc on klaasi hulgim\u00fc\u00fcgiga tegelev firma. Ettev\u00f5tte p\u00f5hiturud on Eesti ja Soome. Montonissa O\u00dc asutati aastal 1997.","breadcrumb":{"@id":"https:\/\/montonissa.eu\/et\/meist\/#breadcrumb"},"inLanguage":"et","potentialAction":[{"@type":"ReadAction","target":["https:\/\/montonissa.eu\/et\/meist\/"]}]},{"@type":"BreadcrumbList","@id":"https:\/\/montonissa.eu\/et\/meist\/#breadcrumb","itemListElement":[{"@type":"ListItem","position":1,"name":"Home","item":"https:\/\/montonissa.eu\/et\/"},{"@type":"ListItem","position":2,"name":"Meist"}]},{"@type":"WebSite","@id":"https:\/\/montonissa.eu\/#website","url":"https:\/\/montonissa.eu\/","name":"Montonissa - Klaasi hulgim\u00fc\u00fck","description":"Klaasi hulgim\u00fc\u00fck","potentialAction":[{"@type":"SearchAction","target":{"@type":"EntryPoint","urlTemplate":"https:\/\/montonissa.eu\/?s={search_term_string}"},"query-input":{"@type":"PropertyValueSpecification","valueRequired":true,"valueName":"search_term_string"}}],"inLanguage":"et"}]}},"_links":{"self":[{"href":"https:\/\/montonissa.eu\/et\/wp-json\/wp\/v2\/pages\/783","targetHints":{"allow":["GET"]}}],"collection":[{"href":"https:\/\/montonissa.eu\/et\/wp-json\/wp\/v2\/pages"}],"about":[{"href":"https:\/\/montonissa.eu\/et\/wp-json\/wp\/v2\/types\/page"}],"author":[{"embeddable":true,"href":"https:\/\/montonissa.eu\/et\/wp-json\/wp\/v2\/users\/1"}],"replies":[{"embeddable":true,"href":"https:\/\/montonissa.eu\/et\/wp-json\/wp\/v2\/comments?post=783"}],"version-history":[{"count":4,"href":"https:\/\/montonissa.eu\/et\/wp-json\/wp\/v2\/pages\/783\/revisions"}],"predecessor-version":[{"id":2610,"href":"https:\/\/montonissa.eu\/et\/wp-json\/wp\/v2\/pages\/783\/revisions\/2610"}],"wp:attachment":[{"href":"https:\/\/montonissa.eu\/et\/wp-json\/wp\/v2\/media?parent=783"}],"curies":[{"name":"wp","href":"https:\/\/api.w.org\/{rel}","templated":true}]}}