{"id":776,"date":"2017-04-11T14:51:58","date_gmt":"2017-04-11T12:51:58","guid":{"rendered":"http:\/\/www.montonissapartanen.fi\/?page_id=776"},"modified":"2025-03-31T09:47:12","modified_gmt":"2025-03-31T07:47:12","slug":"avaleht","status":"publish","type":"page","link":"https:\/\/montonissa.eu\/et\/","title":{"rendered":"Avaleht"},"content":{"rendered":"<div class=\"woocommerce columns-3\"><div class=\"products row row-small large-columns-3 medium-columns-3 small-columns-2\">\n<div class=\"product-category col product first\">\n\t<div class=\"col-inner\">\n\t\t\n\t\t<div class=\"box box-badge   hover-dark \">\n\t\t\t<div class=\"box-image\">\n\t\t\t\t<img loading=\"lazy\" decoding=\"async\" src=\"https:\/\/montonissa.eu\/wp-content\/uploads\/2017\/07\/Fotolia_71530279_XL-150x150.jpg\" alt=\"Eriklaasid\" width=\"247\" height=\"296\" srcset=\"https:\/\/montonissa.eu\/wp-content\/uploads\/2017\/07\/Fotolia_71530279_XL-150x150.jpg 150w, https:\/\/montonissa.eu\/wp-content\/uploads\/2017\/07\/Fotolia_71530279_XL-150x150-100x100.jpg 100w\" sizes=\"auto, (max-width: 150px) 100vw, 150px\" \/>\n\t\t\t\t\t\t\t\t\t\t\t<\/div>\n\t\t\t<div class=\"box-text text-center\">\n\t\t\t\t<div class=\"box-text-inner\">\n\t\t\t\t\t<h5 class=\"uppercase header-title\">\n\t\t\t\t\t\tEriklaasid\t\t\t\t\t<\/h5>\n\t\t\t\t\t\t\t\t\t\t\t<p class=\"is-xsmall uppercase count\">\n\t\t\t\t\t\t\t13 Tooted\t\t\t\t\t\t<\/p>\n\t\t\t\t\t\t\t\t\t\t\t\t\t\t<\/div>\n\t\t\t<\/div>\n\t\t<\/div>\n\n\t\t\t<\/div>\n<\/div>\n<div class=\"product-category col product\">\n\t<div class=\"col-inner\">\n\t\t\n\t\t<div class=\"box box-badge   hover-dark \">\n\t\t\t<div class=\"box-image\">\n\t\t\t\t<img loading=\"lazy\" decoding=\"async\" src=\"https:\/\/montonissa.eu\/wp-content\/uploads\/2017\/07\/Fotolia_81263807_L-150x150.jpg\" alt=\"Float klaas\" width=\"247\" height=\"296\" srcset=\"https:\/\/montonissa.eu\/wp-content\/uploads\/2017\/07\/Fotolia_81263807_L-150x150.jpg 150w, https:\/\/montonissa.eu\/wp-content\/uploads\/2017\/07\/Fotolia_81263807_L-150x150-100x100.jpg 100w\" sizes=\"auto, (max-width: 150px) 100vw, 150px\" \/>\n\t\t\t\t\t\t\t\t\t\t\t<\/div>\n\t\t\t<div class=\"box-text text-center\">\n\t\t\t\t<div class=\"box-text-inner\">\n\t\t\t\t\t<h5 class=\"uppercase header-title\">\n\t\t\t\t\t\tFloat klaas\t\t\t\t\t<\/h5>\n\t\t\t\t\t\t\t\t\t\t\t<p class=\"is-xsmall uppercase count\">\n\t\t\t\t\t\t\t45 Tooted\t\t\t\t\t\t<\/p>\n\t\t\t\t\t\t\t\t\t\t\t\t\t\t<\/div>\n\t\t\t<\/div>\n\t\t<\/div>\n\n\t\t\t<\/div>\n<\/div>\n<div class=\"product-category col product last\">\n\t<div class=\"col-inner\">\n\t\t\n\t\t<div class=\"box box-badge   hover-dark \">\n\t\t\t<div class=\"box-image\">\n\t\t\t\t<img loading=\"lazy\" decoding=\"async\" src=\"https:\/\/montonissa.eu\/wp-content\/uploads\/2017\/07\/Fotolia_86270650_L-150x150.jpg\" alt=\"Lamineeritud klaas\" width=\"247\" height=\"296\" srcset=\"https:\/\/montonissa.eu\/wp-content\/uploads\/2017\/07\/Fotolia_86270650_L-150x150.jpg 150w, https:\/\/montonissa.eu\/wp-content\/uploads\/2017\/07\/Fotolia_86270650_L-150x150-100x100.jpg 100w\" sizes=\"auto, (max-width: 150px) 100vw, 150px\" \/>\n\t\t\t\t\t\t\t\t\t\t\t<\/div>\n\t\t\t<div class=\"box-text text-center\">\n\t\t\t\t<div class=\"box-text-inner\">\n\t\t\t\t\t<h5 class=\"uppercase header-title\">\n\t\t\t\t\t\tLamineeritud klaas\t\t\t\t\t<\/h5>\n\t\t\t\t\t\t\t\t\t\t\t<p class=\"is-xsmall uppercase count\">\n\t\t\t\t\t\t\t27 Tooted\t\t\t\t\t\t<\/p>\n\t\t\t\t\t\t\t\t\t\t\t\t\t\t<\/div>\n\t\t\t<\/div>\n\t\t<\/div>\n\n\t\t\t<\/div>\n<\/div>\n<div class=\"product-category col product first\">\n\t<div class=\"col-inner\">\n\t\t\n\t\t<div class=\"box box-badge   hover-dark \">\n\t\t\t<div class=\"box-image\">\n\t\t\t\t<img loading=\"lazy\" decoding=\"async\" src=\"https:\/\/montonissa.eu\/wp-content\/uploads\/2017\/07\/Fotolia_30368195_XL-150x150.jpg\" alt=\"Matistatud klaas\" width=\"247\" height=\"296\" srcset=\"https:\/\/montonissa.eu\/wp-content\/uploads\/2017\/07\/Fotolia_30368195_XL-150x150.jpg 150w, https:\/\/montonissa.eu\/wp-content\/uploads\/2017\/07\/Fotolia_30368195_XL-150x150-100x100.jpg 100w\" sizes=\"auto, (max-width: 150px) 100vw, 150px\" \/>\n\t\t\t\t\t\t\t\t\t\t\t<\/div>\n\t\t\t<div class=\"box-text text-center\">\n\t\t\t\t<div class=\"box-text-inner\">\n\t\t\t\t\t<h5 class=\"uppercase header-title\">\n\t\t\t\t\t\tMatistatud klaas\t\t\t\t\t<\/h5>\n\t\t\t\t\t\t\t\t\t\t\t<p class=\"is-xsmall uppercase count\">\n\t\t\t\t\t\t\t9 Tooted\t\t\t\t\t\t<\/p>\n\t\t\t\t\t\t\t\t\t\t\t\t\t\t<\/div>\n\t\t\t<\/div>\n\t\t<\/div>\n\n\t\t\t<\/div>\n<\/div>\n<div class=\"product-category col product\">\n\t<div class=\"col-inner\">\n\t\t\n\t\t<div class=\"box box-badge   hover-dark \">\n\t\t\t<div class=\"box-image\">\n\t\t\t\t<img loading=\"lazy\" decoding=\"async\" src=\"https:\/\/montonissa.eu\/wp-content\/uploads\/2017\/07\/Fotolia_69435789_XL-150x150-1.jpg\" alt=\"Peegelklaas\" width=\"247\" height=\"296\" srcset=\"https:\/\/montonissa.eu\/wp-content\/uploads\/2017\/07\/Fotolia_69435789_XL-150x150-1.jpg 150w, https:\/\/montonissa.eu\/wp-content\/uploads\/2017\/07\/Fotolia_69435789_XL-150x150-1-100x100.jpg 100w\" sizes=\"auto, (max-width: 150px) 100vw, 150px\" \/>\n\t\t\t\t\t\t\t\t\t\t\t<\/div>\n\t\t\t<div class=\"box-text text-center\">\n\t\t\t\t<div class=\"box-text-inner\">\n\t\t\t\t\t<h5 class=\"uppercase header-title\">\n\t\t\t\t\t\tPeegelklaas\t\t\t\t\t<\/h5>\n\t\t\t\t\t\t\t\t\t\t\t<p class=\"is-xsmall uppercase count\">\n\t\t\t\t\t\t\t13 Tooted\t\t\t\t\t\t<\/p>\n\t\t\t\t\t\t\t\t\t\t\t\t\t\t<\/div>\n\t\t\t<\/div>\n\t\t<\/div>\n\n\t\t\t<\/div>\n<\/div>\n<div class=\"product-category col product last\">\n\t<div class=\"col-inner\">\n\t\t\n\t\t<div class=\"box box-badge   hover-dark \">\n\t\t\t<div class=\"box-image\">\n\t\t\t\t<img loading=\"lazy\" decoding=\"async\" src=\"https:\/\/montonissa.eu\/wp-content\/uploads\/2017\/07\/Fotolia_87642045_L-150x150.jpg\" alt=\"Taustv\u00e4rvitud klaas\" width=\"247\" height=\"296\" srcset=\"https:\/\/montonissa.eu\/wp-content\/uploads\/2017\/07\/Fotolia_87642045_L-150x150.jpg 150w, https:\/\/montonissa.eu\/wp-content\/uploads\/2017\/07\/Fotolia_87642045_L-150x150-100x100.jpg 100w\" sizes=\"auto, (max-width: 150px) 100vw, 150px\" \/>\n\t\t\t\t\t\t\t\t\t\t\t<\/div>\n\t\t\t<div class=\"box-text text-center\">\n\t\t\t\t<div class=\"box-text-inner\">\n\t\t\t\t\t<h5 class=\"uppercase header-title\">\n\t\t\t\t\t\tTaustv\u00e4rvitud klaas\t\t\t\t\t<\/h5>\n\t\t\t\t\t\t\t\t\t\t\t<p class=\"is-xsmall uppercase count\">\n\t\t\t\t\t\t\t33 Tooted\t\t\t\t\t\t<\/p>\n\t\t\t\t\t\t\t\t\t\t\t\t\t\t<\/div>\n\t\t\t<\/div>\n\t\t<\/div>\n\n\t\t\t<\/div>\n<\/div>\n<\/div><!-- row -->\n<\/div>\n","protected":false},"excerpt":{"rendered":"","protected":false},"author":1,"featured_media":0,"parent":0,"menu_order":0,"comment_status":"closed","ping_status":"closed","template":"","meta":{"_acf_changed":false,"footnotes":""},"class_list":["post-776","page","type-page","status-publish","hentry"],"acf":[],"yoast_head":"<!-- This site is optimized with the Yoast SEO plugin v27.3 - https:\/\/yoast.com\/product\/yoast-seo-wordpress\/ -->\n<title>Avaleht - Montonissa - Klaasi hulgim\u00fc\u00fck<\/title>\n<meta name=\"description\" content=\"Montonissa O\u00dc on klaasi hulgim\u00fc\u00fcgiga tegelev firma. info@montonissa.eu+372 5363 5236\" \/>\n<meta name=\"robots\" content=\"index, follow, max-snippet:-1, max-image-preview:large, max-video-preview:-1\" \/>\n<link rel=\"canonical\" href=\"https:\/\/montonissa.eu\/et\/\" \/>\n<meta property=\"og:locale\" content=\"et_EE\" \/>\n<meta property=\"og:type\" content=\"article\" \/>\n<meta property=\"og:title\" content=\"Avaleht - Montonissa - Klaasi hulgim\u00fc\u00fck\" \/>\n<meta property=\"og:description\" content=\"Montonissa O\u00dc on klaasi hulgim\u00fc\u00fcgiga tegelev firma. info@montonissa.eu+372 5363 5236\" \/>\n<meta property=\"og:url\" content=\"https:\/\/montonissa.eu\/et\/\" \/>\n<meta property=\"og:site_name\" content=\"Montonissa - Klaasi hulgim\u00fc\u00fck\" \/>\n<meta property=\"article:modified_time\" content=\"2025-03-31T07:47:12+00:00\" \/>\n<meta name=\"twitter:card\" content=\"summary_large_image\" \/>\n<meta name=\"twitter:label1\" content=\"Est. reading time\" \/>\n\t<meta name=\"twitter:data1\" content=\"1 minut\" \/>\n<script type=\"application\/ld+json\" class=\"yoast-schema-graph\">{\"@context\":\"https:\\\/\\\/schema.org\",\"@graph\":[{\"@type\":\"WebPage\",\"@id\":\"https:\\\/\\\/montonissa.eu\\\/et\\\/\",\"url\":\"https:\\\/\\\/montonissa.eu\\\/et\\\/\",\"name\":\"Avaleht - Montonissa - Klaasi hulgim\u00fc\u00fck\",\"isPartOf\":{\"@id\":\"https:\\\/\\\/montonissa.eu\\\/#website\"},\"datePublished\":\"2017-04-11T12:51:58+00:00\",\"dateModified\":\"2025-03-31T07:47:12+00:00\",\"description\":\"Montonissa O\u00dc on klaasi hulgim\u00fc\u00fcgiga tegelev firma. info@montonissa.eu+372 5363 5236\",\"breadcrumb\":{\"@id\":\"https:\\\/\\\/montonissa.eu\\\/et\\\/#breadcrumb\"},\"inLanguage\":\"et\",\"potentialAction\":[{\"@type\":\"ReadAction\",\"target\":[\"https:\\\/\\\/montonissa.eu\\\/et\\\/\"]}]},{\"@type\":\"BreadcrumbList\",\"@id\":\"https:\\\/\\\/montonissa.eu\\\/et\\\/#breadcrumb\",\"itemListElement\":[{\"@type\":\"ListItem\",\"position\":1,\"name\":\"Home\",\"item\":\"https:\\\/\\\/montonissa.eu\\\/et\\\/\"},{\"@type\":\"ListItem\",\"position\":2,\"name\":\"Avaleht\"}]},{\"@type\":\"WebSite\",\"@id\":\"https:\\\/\\\/montonissa.eu\\\/#website\",\"url\":\"https:\\\/\\\/montonissa.eu\\\/\",\"name\":\"Montonissa - Klaasi hulgim\u00fc\u00fck\",\"description\":\"Klaasi hulgim\u00fc\u00fck\",\"potentialAction\":[{\"@type\":\"SearchAction\",\"target\":{\"@type\":\"EntryPoint\",\"urlTemplate\":\"https:\\\/\\\/montonissa.eu\\\/?s={search_term_string}\"},\"query-input\":{\"@type\":\"PropertyValueSpecification\",\"valueRequired\":true,\"valueName\":\"search_term_string\"}}],\"inLanguage\":\"et\"}]}<\/script>\n<!-- \/ Yoast SEO plugin. -->","yoast_head_json":{"title":"Avaleht - Montonissa - Klaasi hulgim\u00fc\u00fck","description":"Montonissa O\u00dc on klaasi hulgim\u00fc\u00fcgiga tegelev firma. info@montonissa.eu+372 5363 5236","robots":{"index":"index","follow":"follow","max-snippet":"max-snippet:-1","max-image-preview":"max-image-preview:large","max-video-preview":"max-video-preview:-1"},"canonical":"https:\/\/montonissa.eu\/et\/","og_locale":"et_EE","og_type":"article","og_title":"Avaleht - Montonissa - Klaasi hulgim\u00fc\u00fck","og_description":"Montonissa O\u00dc on klaasi hulgim\u00fc\u00fcgiga tegelev firma. info@montonissa.eu+372 5363 5236","og_url":"https:\/\/montonissa.eu\/et\/","og_site_name":"Montonissa - Klaasi hulgim\u00fc\u00fck","article_modified_time":"2025-03-31T07:47:12+00:00","twitter_card":"summary_large_image","twitter_misc":{"Est. reading time":"1 minut"},"schema":{"@context":"https:\/\/schema.org","@graph":[{"@type":"WebPage","@id":"https:\/\/montonissa.eu\/et\/","url":"https:\/\/montonissa.eu\/et\/","name":"Avaleht - Montonissa - Klaasi hulgim\u00fc\u00fck","isPartOf":{"@id":"https:\/\/montonissa.eu\/#website"},"datePublished":"2017-04-11T12:51:58+00:00","dateModified":"2025-03-31T07:47:12+00:00","description":"Montonissa O\u00dc on klaasi hulgim\u00fc\u00fcgiga tegelev firma. info@montonissa.eu+372 5363 5236","breadcrumb":{"@id":"https:\/\/montonissa.eu\/et\/#breadcrumb"},"inLanguage":"et","potentialAction":[{"@type":"ReadAction","target":["https:\/\/montonissa.eu\/et\/"]}]},{"@type":"BreadcrumbList","@id":"https:\/\/montonissa.eu\/et\/#breadcrumb","itemListElement":[{"@type":"ListItem","position":1,"name":"Home","item":"https:\/\/montonissa.eu\/et\/"},{"@type":"ListItem","position":2,"name":"Avaleht"}]},{"@type":"WebSite","@id":"https:\/\/montonissa.eu\/#website","url":"https:\/\/montonissa.eu\/","name":"Montonissa - Klaasi hulgim\u00fc\u00fck","description":"Klaasi hulgim\u00fc\u00fck","potentialAction":[{"@type":"SearchAction","target":{"@type":"EntryPoint","urlTemplate":"https:\/\/montonissa.eu\/?s={search_term_string}"},"query-input":{"@type":"PropertyValueSpecification","valueRequired":true,"valueName":"search_term_string"}}],"inLanguage":"et"}]}},"_links":{"self":[{"href":"https:\/\/montonissa.eu\/et\/wp-json\/wp\/v2\/pages\/776","targetHints":{"allow":["GET"]}}],"collection":[{"href":"https:\/\/montonissa.eu\/et\/wp-json\/wp\/v2\/pages"}],"about":[{"href":"https:\/\/montonissa.eu\/et\/wp-json\/wp\/v2\/types\/page"}],"author":[{"embeddable":true,"href":"https:\/\/montonissa.eu\/et\/wp-json\/wp\/v2\/users\/1"}],"replies":[{"embeddable":true,"href":"https:\/\/montonissa.eu\/et\/wp-json\/wp\/v2\/comments?post=776"}],"version-history":[{"count":3,"href":"https:\/\/montonissa.eu\/et\/wp-json\/wp\/v2\/pages\/776\/revisions"}],"predecessor-version":[{"id":2604,"href":"https:\/\/montonissa.eu\/et\/wp-json\/wp\/v2\/pages\/776\/revisions\/2604"}],"wp:attachment":[{"href":"https:\/\/montonissa.eu\/et\/wp-json\/wp\/v2\/media?parent=776"}],"curies":[{"name":"wp","href":"https:\/\/api.w.org\/{rel}","templated":true}]}}