{"id":2513,"date":"2024-04-23T15:08:55","date_gmt":"2024-04-23T13:08:55","guid":{"rendered":"https:\/\/montonissa.eu\/privaatsuspoliitika\/"},"modified":"2024-04-23T15:08:55","modified_gmt":"2024-04-23T13:08:55","slug":"privaatsuspoliitika","status":"publish","type":"page","link":"https:\/\/montonissa.eu\/et\/privaatsuspoliitika\/","title":{"rendered":"Privaatsuspoliitika"},"content":{"rendered":"&#13;\n<h2 class=\"wp-block-heading\">Kes me oleme<\/h2>&#13;&#13;\n<p><strong class=\"privacy-policy-tutorial\">Soovituslik tekst: <\/strong>Meie veebilehe aadress on: https:\/\/montonissa.eu.<\/p>&#13;&#13;\n<h2 class=\"wp-block-heading\">Kommentaarid<\/h2>&#13;&#13;\n<p><strong class=\"privacy-policy-tutorial\">Soovituslik tekst: <\/strong>Kui k\u00fclastajad j\u00e4tavad veebilehele kommentaare, kogume kommentaaride vormil n\u00e4idatud andmeid, samuti k\u00fclastaja IP-aadressi ja brauseri kasutajaliidese stringi, et aidata r\u00e4mpsposti tuvastamisel.<\/p>&#13;&#13;\n<p>Gravatari teenusele v\u00f5idakse esitada teie e-posti aadressist loodud anon\u00fc\u00fcmne string (mida nimetatakse ka hashiks), et n\u00e4ha, kas te kasutate seda. Gravatari teenuse privaatsuspoliitika on saadaval siin: https:\/\/automattic.com\/privacy\/. P\u00e4rast teie kommentaari kinnitamist on teie profiilipilt avalikkusele n\u00e4htav teie kommentaari kontekstis.<\/p>&#13;&#13;\n<h2 class=\"wp-block-heading\">Meedia<\/h2>&#13;&#13;\n<p><strong class=\"privacy-policy-tutorial\">Soovituslik tekst: <\/strong>Kui te laadite veebilehele pilte \u00fcles, peaksite v\u00e4ltima selliste piltide \u00fcleslaadimist, mis sisaldavad asukohaandmeid (EXIF GPS). Veebisaidi k\u00fclastajad saavad veebisaidi piltidelt alla laadida ja v\u00e4lja v\u00f5tta mis tahes asukohaandmeid.<\/p>&#13;&#13;\n<h2 class=\"wp-block-heading\">K\u00fcpsised<\/h2>&#13;&#13;\n<p><strong class=\"privacy-policy-tutorial\">Soovituslik tekst: <\/strong>Kui j\u00e4tate meie saidile kommentaari, v\u00f5ite anda n\u00f5usoleku oma nime, e-posti aadressi ja veebisaidi salvestamiseks k\u00fcpsistesse. Need on teie mugavuse huvides, et te ei peaks oma andmeid uuesti t\u00e4itma, kui j\u00e4tate teise kommentaari. Need k\u00fcpsised s\u00e4ilivad \u00fche aasta jooksul.<\/p>&#13;&#13;\n<p>Kui k\u00fclastate meie sisselogimislehte, seame ajutise k\u00fcpsise, et teha kindlaks, kas teie brauser aktsepteerib k\u00fcpsiseid. See k\u00fcpsis ei sisalda isikuandmeid ja see h\u00e4vitatakse, kui sulgete oma brauseri.<\/p>&#13;&#13;\n<p>Kui logite sisse, seame ka mitu k\u00fcpsist, et salvestada teie sisselogimise andmed ja ekraani kuvamise valikud. Sisselogimisk\u00fcpsised kestavad kaks p\u00e4eva ja ekraanivalikute k\u00fcpsised kestavad aasta. Kui valite &#8220;M\u00e4leta mind&#8221;, j\u00e4\u00e4b teie sisselogimine p\u00fcsima kaheks n\u00e4dalaks. Kui logite oma kontost v\u00e4lja, eemaldatakse sisselogimisk\u00fcpsised.<\/p>&#13;&#13;\n<p>Kui muudate v\u00f5i avaldate artiklit, salvestatakse teie brauserisse t\u00e4iendav k\u00fcpsis. See k\u00fcpsis ei sisalda mingeid isikuandmeid ja n\u00e4itab lihtsalt teie poolt \u00e4sja redigeeritud artikli postituse ID-d. See aegub 1 p\u00e4eva p\u00e4rast.<\/p>&#13;&#13;\n<h2 class=\"wp-block-heading\">Sisseehitatud sisu teistelt veebisaitidelt<\/h2>&#13;&#13;\n<p><strong class=\"privacy-policy-tutorial\">Soovituslik tekst: <\/strong>Selle saidi artiklid v\u00f5ivad sisaldada varjatud sisu (nt videod, pildid, artiklid jne). Teiste veebisaitide sisseehitatud sisu k\u00e4itub t\u00e4pselt samamoodi, nagu oleks k\u00fclastaja k\u00fclastanud teist veebisaiti.<\/p>&#13;&#13;\n<p>Need veebisaidid v\u00f5ivad koguda teie kohta andmeid, kasutada k\u00fcpsiseid, varjata t\u00e4iendavat kolmanda osapoole j\u00e4lgimist ja j\u00e4lgida teie suhtlemist selle varjatud sisuga, sealhulgas j\u00e4lgida teie suhtlemist varjatud sisuga, kui teil on konto ja olete sellele veebisaidile sisse logitud.<\/p>&#13;&#13;\n<h2 class=\"wp-block-heading\">Kellega me teie andmeid jagame<\/h2>&#13;&#13;\n<p><strong class=\"privacy-policy-tutorial\">Soovituslik tekst: <\/strong>Kui taotlete parooli l\u00e4htestamist, lisatakse teie IP-aadress l\u00e4htestamise e-kirjale.<\/p>&#13;&#13;\n<h2 class=\"wp-block-heading\">Kui kaua me teie andmeid s\u00e4ilitame<\/h2>&#13;&#13;\n<p><strong class=\"privacy-policy-tutorial\">Soovituslik tekst: <\/strong>Kui j\u00e4tate kommentaari, s\u00e4ilib kommentaar ja selle metaandmed m\u00e4\u00e4ramata ajaks. See on selleks, et me saaksime automaatselt \u00e4ra tunda ja heaks kiita k\u00f5ik j\u00e4relkommentaarid, selle asemel, et hoida neid modereerimise j\u00e4rjekorras.<\/p>&#13;&#13;\n<p>Kasutajate puhul, kes registreeruvad meie veebisaidil (kui neid on), salvestame ka nende poolt esitatud isikuandmeid nende kasutajaprofiilis. K\u00f5ik kasutajad saavad igal ajal n\u00e4ha, muuta v\u00f5i kustutada oma isiklikke andmeid (v\u00e4lja arvatud, et nad ei saa oma kasutajanime muuta). Veebisaidi administraatorid saavad seda teavet samuti n\u00e4ha ja muuta.<\/p>&#13;&#13;\n<h2 class=\"wp-block-heading\">Millised \u00f5igused teil on oma andmete suhtes<\/h2>&#13;&#13;\n<p><strong class=\"privacy-policy-tutorial\">Soovituslik tekst: <\/strong>Kui teil on sellel veebisaidil konto v\u00f5i olete j\u00e4tnud kommentaare, v\u00f5ite taotleda, et teile eksporditaksime teie kohta k\u00e4ivate isikuandmete, sealhulgas teie poolt meile esitatud andmete eksporditud faili. Samuti v\u00f5ite taotleda, et me kustutaksime teie kohta k\u00e4ivad isikuandmed. See ei h\u00f5lma andmeid, mida me oleme kohustatud s\u00e4ilitama haldus-, \u00f5igus- v\u00f5i julgeolekueesm\u00e4rkidel.<\/p>&#13;&#13;\n<h2 class=\"wp-block-heading\">Kuhu teie andmed saadetakse<\/h2>&#13;&#13;\n<p><strong class=\"privacy-policy-tutorial\">Soovituslik tekst: <\/strong>K\u00fclastajate kommentaare v\u00f5idakse kontrollida automatiseeritud r\u00e4mpsposti tuvastamise teenuse kaudu.<\/p>&#13;<p>&nbsp;<\/p>","protected":false},"excerpt":{"rendered":"<p>&#13; Kes me oleme &#13;&#13; Soovituslik tekst: Meie veebilehe aadress on: https:\/\/montonissa.eu. &#13;&#13; Kommentaarid &#13;&#13; Soovituslik tekst: Kui k\u00fclastajad j\u00e4tavad veebilehele kommentaare, kogume kommentaaride vormil n\u00e4idatud andmeid, samuti k\u00fclastaja IP-aadressi ja brauseri kasutajaliidese stringi, et aidata r\u00e4mpsposti tuvastamisel. &#13;&#13; Gravatari teenusele v\u00f5idakse esitada teie e-posti aadressist loodud anon\u00fc\u00fcmne string (mida nimetatakse ka hashiks), et n\u00e4ha, [&#8230;]\n","protected":false},"author":37,"featured_media":0,"parent":0,"menu_order":0,"comment_status":"closed","ping_status":"closed","template":"","meta":{"_acf_changed":false,"footnotes":""},"class_list":["post-2513","page","type-page","status-publish","hentry"],"acf":[],"yoast_head":"<!-- This site is optimized with the Yoast SEO plugin v27.3 - https:\/\/yoast.com\/product\/yoast-seo-wordpress\/ -->\n<title>Privaatsuspoliitika - Montonissa - Klaasi hulgim\u00fc\u00fck<\/title>\n<meta name=\"robots\" content=\"index, follow, max-snippet:-1, max-image-preview:large, max-video-preview:-1\" \/>\n<link rel=\"canonical\" href=\"https:\/\/montonissa.eu\/et\/?page_id=2513\" \/>\n<meta property=\"og:locale\" content=\"et_EE\" \/>\n<meta property=\"og:type\" content=\"article\" \/>\n<meta property=\"og:title\" content=\"Privaatsuspoliitika - Montonissa - Klaasi hulgim\u00fc\u00fck\" \/>\n<meta property=\"og:description\" content=\"&#013; Kes me oleme &#013;&#013; Soovituslik tekst: Meie veebilehe aadress on: https:\/\/montonissa.eu. &#013;&#013; Kommentaarid &#013;&#013; Soovituslik tekst: Kui k\u00fclastajad j\u00e4tavad veebilehele kommentaare, kogume kommentaaride vormil n\u00e4idatud andmeid, samuti k\u00fclastaja IP-aadressi ja brauseri kasutajaliidese stringi, et aidata r\u00e4mpsposti tuvastamisel. &#013;&#013; Gravatari teenusele v\u00f5idakse esitada teie e-posti aadressist loodud anon\u00fc\u00fcmne string (mida nimetatakse ka hashiks), et n\u00e4ha, [...]\" \/>\n<meta property=\"og:url\" content=\"https:\/\/montonissa.eu\/et\/?page_id=2513\" \/>\n<meta property=\"og:site_name\" content=\"Montonissa - Klaasi hulgim\u00fc\u00fck\" \/>\n<meta name=\"twitter:card\" content=\"summary_large_image\" \/>\n<meta name=\"twitter:label1\" content=\"Est. reading time\" \/>\n\t<meta name=\"twitter:data1\" content=\"3 minutit\" \/>\n<script type=\"application\/ld+json\" class=\"yoast-schema-graph\">{\"@context\":\"https:\\\/\\\/schema.org\",\"@graph\":[{\"@type\":\"WebPage\",\"@id\":\"https:\\\/\\\/montonissa.eu\\\/et\\\/?page_id=2513\",\"url\":\"https:\\\/\\\/montonissa.eu\\\/et\\\/?page_id=2513\",\"name\":\"Privaatsuspoliitika - Montonissa - Klaasi hulgim\u00fc\u00fck\",\"isPartOf\":{\"@id\":\"https:\\\/\\\/montonissa.eu\\\/#website\"},\"datePublished\":\"2024-04-23T13:08:55+00:00\",\"breadcrumb\":{\"@id\":\"https:\\\/\\\/montonissa.eu\\\/et\\\/?page_id=2513#breadcrumb\"},\"inLanguage\":\"et\",\"potentialAction\":[{\"@type\":\"ReadAction\",\"target\":[\"https:\\\/\\\/montonissa.eu\\\/et\\\/?page_id=2513\"]}]},{\"@type\":\"BreadcrumbList\",\"@id\":\"https:\\\/\\\/montonissa.eu\\\/et\\\/?page_id=2513#breadcrumb\",\"itemListElement\":[{\"@type\":\"ListItem\",\"position\":1,\"name\":\"Home\",\"item\":\"https:\\\/\\\/montonissa.eu\\\/et\\\/\"},{\"@type\":\"ListItem\",\"position\":2,\"name\":\"Privaatsuspoliitika\"}]},{\"@type\":\"WebSite\",\"@id\":\"https:\\\/\\\/montonissa.eu\\\/#website\",\"url\":\"https:\\\/\\\/montonissa.eu\\\/\",\"name\":\"Montonissa - Klaasi hulgim\u00fc\u00fck\",\"description\":\"Klaasi hulgim\u00fc\u00fck\",\"potentialAction\":[{\"@type\":\"SearchAction\",\"target\":{\"@type\":\"EntryPoint\",\"urlTemplate\":\"https:\\\/\\\/montonissa.eu\\\/?s={search_term_string}\"},\"query-input\":{\"@type\":\"PropertyValueSpecification\",\"valueRequired\":true,\"valueName\":\"search_term_string\"}}],\"inLanguage\":\"et\"}]}<\/script>\n<!-- \/ Yoast SEO plugin. -->","yoast_head_json":{"title":"Privaatsuspoliitika - Montonissa - Klaasi hulgim\u00fc\u00fck","robots":{"index":"index","follow":"follow","max-snippet":"max-snippet:-1","max-image-preview":"max-image-preview:large","max-video-preview":"max-video-preview:-1"},"canonical":"https:\/\/montonissa.eu\/et\/?page_id=2513","og_locale":"et_EE","og_type":"article","og_title":"Privaatsuspoliitika - Montonissa - Klaasi hulgim\u00fc\u00fck","og_description":"&#13; Kes me oleme &#13;&#13; Soovituslik tekst: Meie veebilehe aadress on: https:\/\/montonissa.eu. &#13;&#13; Kommentaarid &#13;&#13; Soovituslik tekst: Kui k\u00fclastajad j\u00e4tavad veebilehele kommentaare, kogume kommentaaride vormil n\u00e4idatud andmeid, samuti k\u00fclastaja IP-aadressi ja brauseri kasutajaliidese stringi, et aidata r\u00e4mpsposti tuvastamisel. &#13;&#13; Gravatari teenusele v\u00f5idakse esitada teie e-posti aadressist loodud anon\u00fc\u00fcmne string (mida nimetatakse ka hashiks), et n\u00e4ha, [...]","og_url":"https:\/\/montonissa.eu\/et\/?page_id=2513","og_site_name":"Montonissa - Klaasi hulgim\u00fc\u00fck","twitter_card":"summary_large_image","twitter_misc":{"Est. reading time":"3 minutit"},"schema":{"@context":"https:\/\/schema.org","@graph":[{"@type":"WebPage","@id":"https:\/\/montonissa.eu\/et\/?page_id=2513","url":"https:\/\/montonissa.eu\/et\/?page_id=2513","name":"Privaatsuspoliitika - Montonissa - Klaasi hulgim\u00fc\u00fck","isPartOf":{"@id":"https:\/\/montonissa.eu\/#website"},"datePublished":"2024-04-23T13:08:55+00:00","breadcrumb":{"@id":"https:\/\/montonissa.eu\/et\/?page_id=2513#breadcrumb"},"inLanguage":"et","potentialAction":[{"@type":"ReadAction","target":["https:\/\/montonissa.eu\/et\/?page_id=2513"]}]},{"@type":"BreadcrumbList","@id":"https:\/\/montonissa.eu\/et\/?page_id=2513#breadcrumb","itemListElement":[{"@type":"ListItem","position":1,"name":"Home","item":"https:\/\/montonissa.eu\/et\/"},{"@type":"ListItem","position":2,"name":"Privaatsuspoliitika"}]},{"@type":"WebSite","@id":"https:\/\/montonissa.eu\/#website","url":"https:\/\/montonissa.eu\/","name":"Montonissa - Klaasi hulgim\u00fc\u00fck","description":"Klaasi hulgim\u00fc\u00fck","potentialAction":[{"@type":"SearchAction","target":{"@type":"EntryPoint","urlTemplate":"https:\/\/montonissa.eu\/?s={search_term_string}"},"query-input":{"@type":"PropertyValueSpecification","valueRequired":true,"valueName":"search_term_string"}}],"inLanguage":"et"}]}},"_links":{"self":[{"href":"https:\/\/montonissa.eu\/et\/wp-json\/wp\/v2\/pages\/2513","targetHints":{"allow":["GET"]}}],"collection":[{"href":"https:\/\/montonissa.eu\/et\/wp-json\/wp\/v2\/pages"}],"about":[{"href":"https:\/\/montonissa.eu\/et\/wp-json\/wp\/v2\/types\/page"}],"author":[{"embeddable":true,"href":"https:\/\/montonissa.eu\/et\/wp-json\/wp\/v2\/users\/37"}],"replies":[{"embeddable":true,"href":"https:\/\/montonissa.eu\/et\/wp-json\/wp\/v2\/comments?post=2513"}],"version-history":[{"count":2,"href":"https:\/\/montonissa.eu\/et\/wp-json\/wp\/v2\/pages\/2513\/revisions"}],"predecessor-version":[{"id":2517,"href":"https:\/\/montonissa.eu\/et\/wp-json\/wp\/v2\/pages\/2513\/revisions\/2517"}],"wp:attachment":[{"href":"https:\/\/montonissa.eu\/et\/wp-json\/wp\/v2\/media?parent=2513"}],"curies":[{"name":"wp","href":"https:\/\/api.w.org\/{rel}","templated":true}]}}